{"id":84225,"date":"2025-10-27T15:56:05","date_gmt":"2025-10-27T18:56:05","guid":{"rendered":"https:\/\/modamentha.com.br\/?post_type=product&#038;p=84225"},"modified":"2026-01-06T16:20:08","modified_gmt":"2026-01-06T19:20:08","slug":"vestido-curto-alfaiataria-twill","status":"publish","type":"product","link":"https:\/\/modamentha.com.br\/?product=vestido-curto-alfaiataria-twill","title":{"rendered":"Vestido Curto Alfaiataria Twill"},"content":{"rendered":"","protected":false},"excerpt":{"rendered":"<p>Vestido curto em alfaiataria leve twill. Possui decote com aviamento de metal, fechamento lateral em bot\u00e3o forrado, z\u00edper de nylon, el\u00e1stico na cintura e forro.<\/p>\n<p>Composi\u00e7\u00e3o:<br \/>\n100% POLI\u00c9STER | FORRO 100% POLI\u00c9STER<\/p>\n<p>MEDIDAS:<br \/>\nBusto: P:90cm |M:94cm |G:98cm<br \/>\nCintura: P:72cm |M:76cm |G:80cm<br \/>\nQuadril: P:100cm |M:104cm |G:108cm<br \/>\nComprimento Total: P:87cm |M:88,5cm |G:89cm <\/p>\n","protected":false},"featured_media":84214,"template":"","meta":{"spay_email":""},"supplier_id":null,"supplier_sku":"","atum_controlled":true,"out_stock_date":null,"out_stock_threshold":null,"inheritable":true,"inbound_stock":0,"stock_on_hold":0,"sold_today":null,"sales_last_days":null,"reserved_stock":0,"customer_returns":0,"warehouse_damage":0,"lost_in_post":0,"other_logs":0,"out_stock_days":null,"lost_sales":null,"has_location":false,"update_date":"2025-10-27T22:08:15","atum_locations":[],"atum_stock_status":"instock","low_stock":false,"_links":{"self":[{"href":"https:\/\/modamentha.com.br\/index.php?rest_route=\/wp\/v2\/product\/84225"}],"collection":[{"href":"https:\/\/modamentha.com.br\/index.php?rest_route=\/wp\/v2\/product"}],"about":[{"href":"https:\/\/modamentha.com.br\/index.php?rest_route=\/wp\/v2\/types\/product"}],"wp:featuredmedia":[{"embeddable":true,"href":"https:\/\/modamentha.com.br\/index.php?rest_route=\/wp\/v2\/media\/84214"}],"wp:attachment":[{"href":"https:\/\/modamentha.com.br\/index.php?rest_route=%2Fwp%2Fv2%2Fmedia&parent=84225"}],"curies":[{"name":"wp","href":"https:\/\/api.w.org\/{rel}","templated":true}]}}