{"id":84263,"date":"2025-10-27T16:36:46","date_gmt":"2025-10-27T19:36:46","guid":{"rendered":"https:\/\/modamentha.com.br\/?post_type=product&#038;p=84263"},"modified":"2026-03-10T10:11:49","modified_gmt":"2026-03-10T13:11:49","slug":"regata-alca-laise-franzido","status":"publish","type":"product","link":"https:\/\/modamentha.com.br\/?product=regata-alca-laise-franzido","title":{"rendered":"Regata Al\u00e7a Laise Franzido"},"content":{"rendered":"","protected":false},"excerpt":{"rendered":"<p>Al\u00e7a em laise de algod\u00e3o bordado. Possui franzido no busto, amarra\u00e7\u00e3o na al\u00e7a, el\u00e1stico nas costas e busto forrado.<\/p>\n<p>Composi\u00e7\u00e3o:<br \/>\n80% ALGOD\u00c3O 20% POLI\u00c9STER | FORRO 100% POLI\u00c9STER<\/p>\n<p>MEDIDAS:<br \/>\nBusto: P:90cm |M:94cm |G:98cm<br \/>\nComprimento Total: P:55cm |M:56cm |G:57cm <\/p>\n","protected":false},"featured_media":84255,"template":"","meta":{"spay_email":""},"supplier_id":null,"supplier_sku":"","atum_controlled":true,"out_stock_date":null,"out_stock_threshold":null,"inheritable":true,"inbound_stock":0,"stock_on_hold":0,"sold_today":0,"sales_last_days":1,"reserved_stock":0,"customer_returns":0,"warehouse_damage":0,"lost_in_post":0,"other_logs":0,"out_stock_days":null,"lost_sales":0,"has_location":false,"update_date":"2025-10-29T00:13:06","atum_locations":[],"atum_stock_status":"outofstock","low_stock":false,"_links":{"self":[{"href":"https:\/\/modamentha.com.br\/index.php?rest_route=\/wp\/v2\/product\/84263"}],"collection":[{"href":"https:\/\/modamentha.com.br\/index.php?rest_route=\/wp\/v2\/product"}],"about":[{"href":"https:\/\/modamentha.com.br\/index.php?rest_route=\/wp\/v2\/types\/product"}],"wp:featuredmedia":[{"embeddable":true,"href":"https:\/\/modamentha.com.br\/index.php?rest_route=\/wp\/v2\/media\/84255"}],"wp:attachment":[{"href":"https:\/\/modamentha.com.br\/index.php?rest_route=%2Fwp%2Fv2%2Fmedia&parent=84263"}],"curies":[{"name":"wp","href":"https:\/\/api.w.org\/{rel}","templated":true}]}}