{"id":84283,"date":"2025-10-28T18:02:29","date_gmt":"2025-10-28T21:02:29","guid":{"rendered":"https:\/\/modamentha.com.br\/?post_type=product&#038;p=84283"},"modified":"2026-01-29T11:23:20","modified_gmt":"2026-01-29T14:23:20","slug":"regata-alca-estampado-floral","status":"publish","type":"product","link":"https:\/\/modamentha.com.br\/?product=regata-alca-estampado-floral","title":{"rendered":"Regata Al\u00e7a Estampado Floral"},"content":{"rendered":"","protected":false},"excerpt":{"rendered":"<p>Al\u00e7a em yoryu estampado. Possui decote vazado com rolot\u00ea para amarra\u00e7\u00e3o, al\u00e7as regul\u00e1veis, lastex nas costas e busto forrado.<\/p>\n<p>Composi\u00e7\u00e3o:<br \/>\n100% POLI\u00c9STER | FORRO 100% POLI\u00c9STER<\/p>\n<p>MEDIDAS:<br \/>\nBusto: P:90cm |M:94cm |G:98cm<br \/>\nComprimento Total: P:50cm |M:51cm |G:52cm <\/p>\n","protected":false},"featured_media":84275,"template":"","meta":{"spay_email":""},"supplier_id":null,"supplier_sku":"","atum_controlled":true,"out_stock_date":null,"out_stock_threshold":null,"inheritable":true,"inbound_stock":0,"stock_on_hold":0,"sold_today":null,"sales_last_days":null,"reserved_stock":0,"customer_returns":0,"warehouse_damage":0,"lost_in_post":0,"other_logs":0,"out_stock_days":null,"lost_sales":null,"has_location":false,"update_date":"2025-10-29T00:46:48","atum_locations":[],"atum_stock_status":"instock","low_stock":false,"_links":{"self":[{"href":"https:\/\/modamentha.com.br\/index.php?rest_route=\/wp\/v2\/product\/84283"}],"collection":[{"href":"https:\/\/modamentha.com.br\/index.php?rest_route=\/wp\/v2\/product"}],"about":[{"href":"https:\/\/modamentha.com.br\/index.php?rest_route=\/wp\/v2\/types\/product"}],"wp:featuredmedia":[{"embeddable":true,"href":"https:\/\/modamentha.com.br\/index.php?rest_route=\/wp\/v2\/media\/84275"}],"wp:attachment":[{"href":"https:\/\/modamentha.com.br\/index.php?rest_route=%2Fwp%2Fv2%2Fmedia&parent=84283"}],"curies":[{"name":"wp","href":"https:\/\/api.w.org\/{rel}","templated":true}]}}