{"id":84805,"date":"2025-11-10T17:01:13","date_gmt":"2025-11-10T20:01:13","guid":{"rendered":"https:\/\/modamentha.com.br\/?post_type=product&#038;p=84805"},"modified":"2026-01-08T17:59:54","modified_gmt":"2026-01-08T20:59:54","slug":"vestido-mini-linho-transpassado-botoes","status":"publish","type":"product","link":"https:\/\/modamentha.com.br\/?product=vestido-mini-linho-transpassado-botoes","title":{"rendered":"Vestido Mini Linho Transpassado Bot\u00f5es"},"content":{"rendered":"","protected":false},"excerpt":{"rendered":"<p>Vestido mini em linho. Possui al\u00e7as para amarra\u00e7\u00e3o, bot\u00e3o forrado na frente, z\u00edper de nylon lateral, lastex nas costas, el\u00e1stico na cintura e forro.<\/p>\n<p>Composi\u00e7\u00e3o:<br \/>\n74% VISCOSE 17% LINHO 9% ALGOD\u00c3O | FORRO 100% POLI\u00c9STER<\/p>\n<p>MEDIDAS:<br \/>\nBusto: P:90cm |M:94cm |G:98cm<br \/>\nCintura: P:72cm |M:76cm |G:80cm<br \/>\nQuadril: P:100cm |M:104cm |G:108cm<br \/>\nComprimento Total: P:87cm |M:88cm |G:89cm <\/p>\n","protected":false},"featured_media":84788,"template":"","meta":{"spay_email":""},"supplier_id":null,"supplier_sku":"","atum_controlled":true,"out_stock_date":null,"out_stock_threshold":null,"inheritable":true,"inbound_stock":0,"stock_on_hold":0,"sold_today":null,"sales_last_days":null,"reserved_stock":0,"customer_returns":0,"warehouse_damage":0,"lost_in_post":0,"other_logs":0,"out_stock_days":null,"lost_sales":null,"has_location":false,"update_date":"2025-11-10T23:24:59","atum_locations":[],"atum_stock_status":"instock","low_stock":false,"_links":{"self":[{"href":"https:\/\/modamentha.com.br\/index.php?rest_route=\/wp\/v2\/product\/84805"}],"collection":[{"href":"https:\/\/modamentha.com.br\/index.php?rest_route=\/wp\/v2\/product"}],"about":[{"href":"https:\/\/modamentha.com.br\/index.php?rest_route=\/wp\/v2\/types\/product"}],"wp:featuredmedia":[{"embeddable":true,"href":"https:\/\/modamentha.com.br\/index.php?rest_route=\/wp\/v2\/media\/84788"}],"wp:attachment":[{"href":"https:\/\/modamentha.com.br\/index.php?rest_route=%2Fwp%2Fv2%2Fmedia&parent=84805"}],"curies":[{"name":"wp","href":"https:\/\/api.w.org\/{rel}","templated":true}]}}