{"id":85043,"date":"2025-11-13T22:09:43","date_gmt":"2025-11-14T01:09:43","guid":{"rendered":"https:\/\/modamentha.com.br\/?post_type=product&#038;p=85043"},"modified":"2026-01-17T12:43:18","modified_gmt":"2026-01-17T15:43:18","slug":"vestido-geovana","status":"publish","type":"product","link":"https:\/\/modamentha.com.br\/?product=vestido-geovana","title":{"rendered":"Vestido Geovana"},"content":{"rendered":"","protected":false},"excerpt":{"rendered":"<p>O Vestido Geovana \u00e9 a defini\u00e7\u00e3o de eleg\u00e2ncia contempor\u00e2nea. Confeccionado em alfaiataria de poliviscose, combina estrutura leve, caimento fluido e toque acetinado. A modelagem acinturada real\u00e7a a silhueta com naturalidade, enquanto o decote reto e as al\u00e7as duplas trazem um toque moderno. O cinto com fivela forrada complementa o visual com sofistica\u00e7\u00e3o e equil\u00edbrio.<\/p>\n<p>Composi\u00e7\u00e3o: 92% Viscose, 8% Poli\u00e9ster<\/p>\n<p>MEDIDAS:<br \/>\nBusto: PP:86cm |P:90cm |M:94cm |G:98cm<br \/>\nCintura: PP:68cm |P:72cm |M:76cm |G:80cm<br \/>\nQuadril: PP:96\/98cm |P:100\/102cm |M:104\/106cm |G:108\/110cm<br \/>\nComprimento por tamanho: PP:136 cm |P:136 cm |M:138 cm |G:141 cm<\/p>\n","protected":false},"featured_media":84967,"template":"","meta":{"spay_email":""},"supplier_id":null,"supplier_sku":"","atum_controlled":true,"out_stock_date":null,"out_stock_threshold":null,"inheritable":true,"inbound_stock":0,"stock_on_hold":0,"sold_today":null,"sales_last_days":null,"reserved_stock":0,"customer_returns":0,"warehouse_damage":0,"lost_in_post":0,"other_logs":0,"out_stock_days":null,"lost_sales":null,"has_location":false,"update_date":"2025-11-14T05:05:24","atum_locations":[],"atum_stock_status":"instock","low_stock":false,"_links":{"self":[{"href":"https:\/\/modamentha.com.br\/index.php?rest_route=\/wp\/v2\/product\/85043"}],"collection":[{"href":"https:\/\/modamentha.com.br\/index.php?rest_route=\/wp\/v2\/product"}],"about":[{"href":"https:\/\/modamentha.com.br\/index.php?rest_route=\/wp\/v2\/types\/product"}],"wp:featuredmedia":[{"embeddable":true,"href":"https:\/\/modamentha.com.br\/index.php?rest_route=\/wp\/v2\/media\/84967"}],"wp:attachment":[{"href":"https:\/\/modamentha.com.br\/index.php?rest_route=%2Fwp%2Fv2%2Fmedia&parent=85043"}],"curies":[{"name":"wp","href":"https:\/\/api.w.org\/{rel}","templated":true}]}}