{"id":85060,"date":"2025-11-13T22:29:48","date_gmt":"2025-11-14T01:29:48","guid":{"rendered":"https:\/\/modamentha.com.br\/?post_type=product&#038;p=85060"},"modified":"2026-03-30T10:45:16","modified_gmt":"2026-03-30T13:45:16","slug":"calca-rayane","status":"publish","type":"product","link":"https:\/\/modamentha.com.br\/?product=calca-rayane","title":{"rendered":"Cal\u00e7a Rayane"},"content":{"rendered":"","protected":false},"excerpt":{"rendered":"<p>A Cal\u00e7a Rayane traduz eleg\u00e2ncia contempor\u00e2nea com toque de alfaiataria. Confeccionada em crepe de poliviscose com caimento leve e estruturado, a pe\u00e7a se destaca pela modelagem pantalona com nesga frontal, que proporciona movimento fluido e alonga a silhueta. A cintura alta valoriza as curvas com sofistica\u00e7\u00e3o, enquanto o recorte limpo e o comprimento alongado tornam a cal\u00e7a perfeita para produ\u00e7\u00f5es refinadas e vers\u00e1teis do office look aos eventos mais especiais. <\/p>\n<p>Composi\u00e7\u00e3o: 90% Viscose, 10% Poli\u00e9ster<\/p>\n<p>MEDIDAS:<br \/>\nCintura: PP:68cm |P:72cm |M:76cm |G:80cm<br \/>\nQuadril: PP:96\/98cm |P:100\/102cm |M:104\/106cm |G:108\/110cm<br \/>\nComprimento por tamanho: PP:110 cm |P:111 cm |M:112 cm |G:113 cm<\/p>\n","protected":false},"featured_media":84951,"template":"","meta":{"spay_email":""},"supplier_id":null,"supplier_sku":"","atum_controlled":true,"out_stock_date":null,"out_stock_threshold":null,"inheritable":true,"inbound_stock":0,"stock_on_hold":0,"sold_today":null,"sales_last_days":null,"reserved_stock":0,"customer_returns":0,"warehouse_damage":0,"lost_in_post":0,"other_logs":0,"out_stock_days":null,"lost_sales":null,"has_location":false,"update_date":"2025-11-14T05:05:20","atum_locations":[],"atum_stock_status":"instock","low_stock":false,"_links":{"self":[{"href":"https:\/\/modamentha.com.br\/index.php?rest_route=\/wp\/v2\/product\/85060"}],"collection":[{"href":"https:\/\/modamentha.com.br\/index.php?rest_route=\/wp\/v2\/product"}],"about":[{"href":"https:\/\/modamentha.com.br\/index.php?rest_route=\/wp\/v2\/types\/product"}],"wp:featuredmedia":[{"embeddable":true,"href":"https:\/\/modamentha.com.br\/index.php?rest_route=\/wp\/v2\/media\/84951"}],"wp:attachment":[{"href":"https:\/\/modamentha.com.br\/index.php?rest_route=%2Fwp%2Fv2%2Fmedia&parent=85060"}],"curies":[{"name":"wp","href":"https:\/\/api.w.org\/{rel}","templated":true}]}}