{"id":85069,"date":"2025-11-13T22:37:28","date_gmt":"2025-11-14T01:37:28","guid":{"rendered":"https:\/\/modamentha.com.br\/?post_type=product&#038;p=85069"},"modified":"2026-01-05T15:49:46","modified_gmt":"2026-01-05T18:49:46","slug":"blusa-lidia","status":"publish","type":"product","link":"https:\/\/modamentha.com.br\/?product=blusa-lidia","title":{"rendered":"Blusa L\u00eddia"},"content":{"rendered":"","protected":false},"excerpt":{"rendered":"<p>A Blusa L\u00eddia combina feminilidade e sofistica\u00e7\u00e3o em uma modelagem estruturada e leve. Confeccionada em crepe de poliviscose, tem toque macio, caimento fluido e acabamento impec\u00e1vel. O decote transpassado com al\u00e7as finas valoriza o colo com delicadeza, enquanto os recortes frontais criam uma silhueta elegante e moderna.<\/p>\n<p>Composi\u00e7\u00e3o: 90% Viscose, 10% Poli\u00e9ster<\/p>\n<p>MEDIDAS:<br \/>\nBusto: PP:86cm |P:90cm |M:94cm<br \/>\nComprimento por tamanho: PP:55 cm |P:55 cm |M:56 cm<\/p>\n","protected":false},"featured_media":84949,"template":"","meta":{"spay_email":""},"supplier_id":null,"supplier_sku":"","atum_controlled":true,"out_stock_date":null,"out_stock_threshold":null,"inheritable":true,"inbound_stock":0,"stock_on_hold":0,"sold_today":null,"sales_last_days":null,"reserved_stock":0,"customer_returns":0,"warehouse_damage":0,"lost_in_post":0,"other_logs":0,"out_stock_days":null,"lost_sales":null,"has_location":false,"update_date":"2025-11-14T05:05:19","atum_locations":[],"atum_stock_status":"instock","low_stock":false,"_links":{"self":[{"href":"https:\/\/modamentha.com.br\/index.php?rest_route=\/wp\/v2\/product\/85069"}],"collection":[{"href":"https:\/\/modamentha.com.br\/index.php?rest_route=\/wp\/v2\/product"}],"about":[{"href":"https:\/\/modamentha.com.br\/index.php?rest_route=\/wp\/v2\/types\/product"}],"wp:featuredmedia":[{"embeddable":true,"href":"https:\/\/modamentha.com.br\/index.php?rest_route=\/wp\/v2\/media\/84949"}],"wp:attachment":[{"href":"https:\/\/modamentha.com.br\/index.php?rest_route=%2Fwp%2Fv2%2Fmedia&parent=85069"}],"curies":[{"name":"wp","href":"https:\/\/api.w.org\/{rel}","templated":true}]}}