{"id":85335,"date":"2025-11-18T20:51:24","date_gmt":"2025-11-18T23:51:24","guid":{"rendered":"https:\/\/modamentha.com.br\/?post_type=product&#038;p=85335"},"modified":"2026-02-11T12:34:34","modified_gmt":"2026-02-11T15:34:34","slug":"calca-jeans-reta-6","status":"publish","type":"product","link":"https:\/\/modamentha.com.br\/?product=calca-jeans-reta-6","title":{"rendered":"Cal\u00e7a Jeans Reta"},"content":{"rendered":"","protected":false},"excerpt":{"rendered":"<p>Composi\u00e7\u00e3o:<br \/>\n65% Algod\u00e3o<br \/>\n23% Poli\u00e9ster<br \/>\n10% Viscose<br \/>\n02% Elastano<br \/>\nForro Bolso<br \/>\n70% Algod\u00e3o<br \/>\n30% Poli\u00e9ster <\/p>\n","protected":false},"featured_media":85299,"template":"","meta":{"spay_email":""},"supplier_id":null,"supplier_sku":"","atum_controlled":true,"out_stock_date":null,"out_stock_threshold":null,"inheritable":true,"inbound_stock":0,"stock_on_hold":0,"sold_today":1,"sales_last_days":1,"reserved_stock":0,"customer_returns":0,"warehouse_damage":0,"lost_in_post":0,"other_logs":0,"out_stock_days":null,"lost_sales":0,"has_location":false,"update_date":"2025-12-02T19:57:20","atum_locations":[],"atum_stock_status":"instock","low_stock":false,"_links":{"self":[{"href":"https:\/\/modamentha.com.br\/index.php?rest_route=\/wp\/v2\/product\/85335"}],"collection":[{"href":"https:\/\/modamentha.com.br\/index.php?rest_route=\/wp\/v2\/product"}],"about":[{"href":"https:\/\/modamentha.com.br\/index.php?rest_route=\/wp\/v2\/types\/product"}],"wp:featuredmedia":[{"embeddable":true,"href":"https:\/\/modamentha.com.br\/index.php?rest_route=\/wp\/v2\/media\/85299"}],"wp:attachment":[{"href":"https:\/\/modamentha.com.br\/index.php?rest_route=%2Fwp%2Fv2%2Fmedia&parent=85335"}],"curies":[{"name":"wp","href":"https:\/\/api.w.org\/{rel}","templated":true}]}}