{"id":86309,"date":"2026-01-02T17:14:25","date_gmt":"2026-01-02T20:14:25","guid":{"rendered":"https:\/\/modamentha.com.br\/?post_type=product&#038;p=86309"},"modified":"2026-03-16T15:56:17","modified_gmt":"2026-03-16T18:56:17","slug":"vestido-sofia","status":"publish","type":"product","link":"https:\/\/modamentha.com.br\/?product=vestido-sofia","title":{"rendered":"Vestido S\u00f3fia"},"content":{"rendered":"","protected":false},"excerpt":{"rendered":"<p>Composi\u00e7\u00e3o:<br \/>\n98% Poli\u00e9ster<br \/>\n02% Elastano<br \/>\nForro<br \/>\n90% Poli\u00e9ster<br \/>\n10% Elastano<\/p>\n","protected":false},"featured_media":86302,"template":"","meta":{"spay_email":""},"supplier_id":null,"supplier_sku":"","atum_controlled":true,"out_stock_date":null,"out_stock_threshold":null,"inheritable":true,"inbound_stock":0,"stock_on_hold":0,"sold_today":0,"sales_last_days":0,"reserved_stock":0,"customer_returns":0,"warehouse_damage":0,"lost_in_post":0,"other_logs":0,"out_stock_days":0,"lost_sales":0,"has_location":false,"update_date":"2026-01-18T03:13:50","atum_locations":[],"atum_stock_status":"instock","low_stock":false,"_links":{"self":[{"href":"https:\/\/modamentha.com.br\/index.php?rest_route=\/wp\/v2\/product\/86309"}],"collection":[{"href":"https:\/\/modamentha.com.br\/index.php?rest_route=\/wp\/v2\/product"}],"about":[{"href":"https:\/\/modamentha.com.br\/index.php?rest_route=\/wp\/v2\/types\/product"}],"wp:featuredmedia":[{"embeddable":true,"href":"https:\/\/modamentha.com.br\/index.php?rest_route=\/wp\/v2\/media\/86302"}],"wp:attachment":[{"href":"https:\/\/modamentha.com.br\/index.php?rest_route=%2Fwp%2Fv2%2Fmedia&parent=86309"}],"curies":[{"name":"wp","href":"https:\/\/api.w.org\/{rel}","templated":true}]}}