{"id":86341,"date":"2026-01-08T18:33:07","date_gmt":"2026-01-08T21:33:07","guid":{"rendered":"https:\/\/modamentha.com.br\/?post_type=product&#038;p=86341"},"modified":"2026-01-17T12:13:12","modified_gmt":"2026-01-17T15:13:12","slug":"vestido-curto-fivela","status":"publish","type":"product","link":"https:\/\/modamentha.com.br\/?product=vestido-curto-fivela","title":{"rendered":"Vestido Curto Fivela"},"content":{"rendered":"","protected":false},"excerpt":{"rendered":"<p>Vestido curto em alfaiataria leve twill. possui decote duplo, al\u00e7as regul\u00e1veis e forro. Acompanha cinto do mesmo tecido em rolet\u00ea duplo com fivela de metal.<\/p>\n<p>Composi\u00e7\u00e3o:<br \/>\n100% POLI\u00c9STER | FORRO 100% POLI\u00c9STER<\/p>\n<p>MEDIDAS:<br \/>\nBusto: P:90cm |M:94cm |G:98cm<br \/>\nCintura: P:76cm |M:80cm |G:84cm<br \/>\nQuadril: P:100cm |M:104cm |G:108cm<br \/>\nComprimento Total: P:89cm |M:90cm |G:91cm <\/p>\n","protected":false},"featured_media":86352,"template":"","meta":{"spay_email":""},"supplier_id":null,"supplier_sku":"","atum_controlled":true,"out_stock_date":null,"out_stock_threshold":null,"inheritable":true,"inbound_stock":0,"stock_on_hold":0,"sold_today":0,"sales_last_days":0,"reserved_stock":0,"customer_returns":0,"warehouse_damage":0,"lost_in_post":0,"other_logs":0,"out_stock_days":0,"lost_sales":0,"has_location":false,"update_date":"2026-01-18T03:13:53","atum_locations":[],"atum_stock_status":"instock","low_stock":false,"_links":{"self":[{"href":"https:\/\/modamentha.com.br\/index.php?rest_route=\/wp\/v2\/product\/86341"}],"collection":[{"href":"https:\/\/modamentha.com.br\/index.php?rest_route=\/wp\/v2\/product"}],"about":[{"href":"https:\/\/modamentha.com.br\/index.php?rest_route=\/wp\/v2\/types\/product"}],"wp:featuredmedia":[{"embeddable":true,"href":"https:\/\/modamentha.com.br\/index.php?rest_route=\/wp\/v2\/media\/86352"}],"wp:attachment":[{"href":"https:\/\/modamentha.com.br\/index.php?rest_route=%2Fwp%2Fv2%2Fmedia&parent=86341"}],"curies":[{"name":"wp","href":"https:\/\/api.w.org\/{rel}","templated":true}]}}