{"id":86524,"date":"2026-01-20T18:08:41","date_gmt":"2026-01-20T21:08:41","guid":{"rendered":"https:\/\/modamentha.com.br\/?post_type=product&#038;p=86524"},"modified":"2026-02-27T13:59:42","modified_gmt":"2026-02-27T16:59:42","slug":"blusa-luly-2","status":"publish","type":"product","link":"https:\/\/modamentha.com.br\/?product=blusa-luly-2","title":{"rendered":"Blusa Luly"},"content":{"rendered":"","protected":false},"excerpt":{"rendered":"<p>Malha tricot flam\u00ea com textura sutil e toque macio<br \/>\nCaimento leve e confort\u00e1vel<br \/>\nGola polo que traz eleg\u00e2ncia casual<br \/>\nModelagem vers\u00e1til para diferentes composi\u00e7\u00f5es<br \/>\nIdeal para looks descomplicados com informa\u00e7\u00e3o de estilo<\/p>\n<p>Composi\u00e7\u00e3o:<br \/>\n85% Poli\u00e9ster<br \/>\n15% Viscose<\/p>\n<p>MEDIDAS:<br \/>\nBusto:  PP:86cm |P:90cm |M:94cm |G:98cm<br \/>\nCintura: PP:68cm |P:72cm |M:76cm |G:80cm <\/p>\n","protected":false},"featured_media":86396,"template":"","meta":{"spay_email":""},"supplier_id":null,"supplier_sku":"","atum_controlled":true,"out_stock_date":null,"out_stock_threshold":null,"inheritable":true,"inbound_stock":0,"stock_on_hold":0,"sold_today":0,"sales_last_days":0,"reserved_stock":0,"customer_returns":0,"warehouse_damage":0,"lost_in_post":0,"other_logs":0,"out_stock_days":0,"lost_sales":0,"has_location":false,"update_date":"2026-03-14T03:13:50","atum_locations":[],"atum_stock_status":"instock","low_stock":false,"_links":{"self":[{"href":"https:\/\/modamentha.com.br\/index.php?rest_route=\/wp\/v2\/product\/86524"}],"collection":[{"href":"https:\/\/modamentha.com.br\/index.php?rest_route=\/wp\/v2\/product"}],"about":[{"href":"https:\/\/modamentha.com.br\/index.php?rest_route=\/wp\/v2\/types\/product"}],"wp:featuredmedia":[{"embeddable":true,"href":"https:\/\/modamentha.com.br\/index.php?rest_route=\/wp\/v2\/media\/86396"}],"wp:attachment":[{"href":"https:\/\/modamentha.com.br\/index.php?rest_route=%2Fwp%2Fv2%2Fmedia&parent=86524"}],"curies":[{"name":"wp","href":"https:\/\/api.w.org\/{rel}","templated":true}]}}