{"id":86553,"date":"2026-01-20T18:36:48","date_gmt":"2026-01-20T21:36:48","guid":{"rendered":"https:\/\/modamentha.com.br\/?post_type=product&#038;p=86553"},"modified":"2026-02-09T12:12:02","modified_gmt":"2026-02-09T15:12:02","slug":"calca-valeska","status":"publish","type":"product","link":"https:\/\/modamentha.com.br\/?product=calca-valeska","title":{"rendered":"Cal\u00e7a Valeska"},"content":{"rendered":"","protected":false},"excerpt":{"rendered":"<p>Alfaiataria poliviscose com elastano<br \/>\nModelagem ampla e alongada<br \/>\nTampas de bolso com recorte inclinado<br \/>\nCaimento estruturado e confort\u00e1vel<br \/>\nSofistica\u00e7\u00e3o vers\u00e1til para o dia a dia ou ocasi\u00f5es especiais<\/p>\n<p>Composi\u00e7\u00e3o:<br \/>\n76% Poli\u00e9ster, 20% Viscose, 4% Elastano.<\/p>\n<p>MEDIDAS:<br \/>\nCintura: PP:68cm |P:72cm |M:76cm |G:80cm<br \/>\nQuadril: PP:96\/98cm |P:100\/102cm |M:104\/106cm |G:108\/110cm <\/p>\n","protected":false},"featured_media":86362,"template":"","meta":{"spay_email":""},"supplier_id":null,"supplier_sku":"","atum_controlled":true,"out_stock_date":null,"out_stock_threshold":null,"inheritable":true,"inbound_stock":0,"stock_on_hold":0,"sold_today":null,"sales_last_days":null,"reserved_stock":0,"customer_returns":0,"warehouse_damage":0,"lost_in_post":0,"other_logs":0,"out_stock_days":null,"lost_sales":null,"has_location":false,"update_date":"2026-01-21T04:00:44","atum_locations":[],"atum_stock_status":"instock","low_stock":false,"_links":{"self":[{"href":"https:\/\/modamentha.com.br\/index.php?rest_route=\/wp\/v2\/product\/86553"}],"collection":[{"href":"https:\/\/modamentha.com.br\/index.php?rest_route=\/wp\/v2\/product"}],"about":[{"href":"https:\/\/modamentha.com.br\/index.php?rest_route=\/wp\/v2\/types\/product"}],"wp:featuredmedia":[{"embeddable":true,"href":"https:\/\/modamentha.com.br\/index.php?rest_route=\/wp\/v2\/media\/86362"}],"wp:attachment":[{"href":"https:\/\/modamentha.com.br\/index.php?rest_route=%2Fwp%2Fv2%2Fmedia&parent=86553"}],"curies":[{"name":"wp","href":"https:\/\/api.w.org\/{rel}","templated":true}]}}