{"id":86770,"date":"2026-01-24T08:34:15","date_gmt":"2026-01-24T11:34:15","guid":{"rendered":"https:\/\/modamentha.com.br\/?post_type=product&#038;p=86770"},"modified":"2026-02-28T09:48:14","modified_gmt":"2026-02-28T12:48:14","slug":"vestido-longo-degage","status":"publish","type":"product","link":"https:\/\/modamentha.com.br\/?product=vestido-longo-degage","title":{"rendered":"Vestido Longo Degag\u00ea"},"content":{"rendered":"","protected":false},"excerpt":{"rendered":"<p>Vestido longo em crepe estampado. Possui decote degag\u00ea com al\u00e7as regul\u00e1veis, el\u00e1stico na cintura, fechamento em bot\u00e3o forrado, z\u00edper de nylon lateral, fenda na barra e forro. Acompanha faixa do mesmo tecido para amarra\u00e7\u00e3o.<\/p>\n<p>Composi\u00e7\u00e3o:<br \/>\n100% POLI\u00c9STER | FORRO 100% POLI\u00c9STER<\/p>\n<p>MEDIDAS:<br \/>\nBusto: P:90cm |M:94cm |G:98cm<br \/>\nCintura: P:72cm |M:76cm |G:80cm<br \/>\nQuadril: P:102cm |M:106cm |G:110cm<br \/>\nComprimento Total: P:144cm |M:145,5cm |G:147cm <\/p>\n","protected":false},"featured_media":86778,"template":"","meta":{"spay_email":""},"supplier_id":null,"supplier_sku":"","atum_controlled":true,"out_stock_date":null,"out_stock_threshold":null,"inheritable":true,"inbound_stock":0,"stock_on_hold":0,"sold_today":null,"sales_last_days":null,"reserved_stock":0,"customer_returns":0,"warehouse_damage":0,"lost_in_post":0,"other_logs":0,"out_stock_days":null,"lost_sales":null,"has_location":false,"update_date":"2026-01-24T15:10:39","atum_locations":[],"atum_stock_status":"instock","low_stock":false,"_links":{"self":[{"href":"https:\/\/modamentha.com.br\/index.php?rest_route=\/wp\/v2\/product\/86770"}],"collection":[{"href":"https:\/\/modamentha.com.br\/index.php?rest_route=\/wp\/v2\/product"}],"about":[{"href":"https:\/\/modamentha.com.br\/index.php?rest_route=\/wp\/v2\/types\/product"}],"wp:featuredmedia":[{"embeddable":true,"href":"https:\/\/modamentha.com.br\/index.php?rest_route=\/wp\/v2\/media\/86778"}],"wp:attachment":[{"href":"https:\/\/modamentha.com.br\/index.php?rest_route=%2Fwp%2Fv2%2Fmedia&parent=86770"}],"curies":[{"name":"wp","href":"https:\/\/api.w.org\/{rel}","templated":true}]}}