{"id":86855,"date":"2026-01-26T18:52:59","date_gmt":"2026-01-26T21:52:59","guid":{"rendered":"https:\/\/modamentha.com.br\/?post_type=product&#038;p=86855"},"modified":"2026-04-07T14:46:29","modified_gmt":"2026-04-07T17:46:29","slug":"regata-alca-chiffon-estampado","status":"publish","type":"product","link":"https:\/\/modamentha.com.br\/?product=regata-alca-chiffon-estampado","title":{"rendered":"Regata Al\u00e7a Chiffon Estampado"},"content":{"rendered":"","protected":false},"excerpt":{"rendered":"<p>Al\u00e7a em chiffon estampado. Possui franzido localizado, bot\u00e3o forrado na frente, al\u00e7as regul\u00e1veis e forro.<\/p>\n<p>Composi\u00e7\u00e3o:<br \/>\n100% POLI\u00c9STER<\/p>\n<p>MEDIDAS:<br \/>\nBusto: P:90cm |M:94cm |G:98cm<br \/>\nComprimento Total: P:60cm |M:61cm |G:62cm <\/p>\n","protected":false},"featured_media":86818,"template":"","meta":{"spay_email":""},"supplier_id":null,"supplier_sku":"","atum_controlled":true,"out_stock_date":null,"out_stock_threshold":null,"inheritable":true,"inbound_stock":0,"stock_on_hold":0,"sold_today":null,"sales_last_days":null,"reserved_stock":0,"customer_returns":0,"warehouse_damage":0,"lost_in_post":0,"other_logs":0,"out_stock_days":null,"lost_sales":null,"has_location":false,"update_date":"2026-01-27T01:19:29","atum_locations":[],"atum_stock_status":"instock","low_stock":false,"_links":{"self":[{"href":"https:\/\/modamentha.com.br\/index.php?rest_route=\/wp\/v2\/product\/86855"}],"collection":[{"href":"https:\/\/modamentha.com.br\/index.php?rest_route=\/wp\/v2\/product"}],"about":[{"href":"https:\/\/modamentha.com.br\/index.php?rest_route=\/wp\/v2\/types\/product"}],"wp:featuredmedia":[{"embeddable":true,"href":"https:\/\/modamentha.com.br\/index.php?rest_route=\/wp\/v2\/media\/86818"}],"wp:attachment":[{"href":"https:\/\/modamentha.com.br\/index.php?rest_route=%2Fwp%2Fv2%2Fmedia&parent=86855"}],"curies":[{"name":"wp","href":"https:\/\/api.w.org\/{rel}","templated":true}]}}