{"id":87232,"date":"2026-02-05T10:48:01","date_gmt":"2026-02-05T13:48:01","guid":{"rendered":"https:\/\/modamentha.com.br\/?post_type=product&#038;p=87232"},"modified":"2026-03-26T11:43:48","modified_gmt":"2026-03-26T14:43:48","slug":"short-alfaiataria-pregas-cos-transpassado","status":"publish","type":"product","link":"https:\/\/modamentha.com.br\/?product=short-alfaiataria-pregas-cos-transpassado","title":{"rendered":"Short Alfaiataria Pregas C\u00f3s Transpassado"},"content":{"rendered":"","protected":false},"excerpt":{"rendered":"<p>Shorts em alfaiataria leve texturizada. Possui c\u00f3s transpassado com bot\u00e3o interno, colchete, z\u00edper de nylon, pregas, bolso faca e forro.<\/p>\n<p>Composi\u00e7\u00e3o:<br \/>\n96% POLI\u00c9STER 4% ELASTANO | FORRO 100% POLI\u00c9STER<\/p>\n<p>MEDIDAS:<br \/>\nCintura: P:72cm |M:76cm |G:80cm<br \/>\nQuadril: P:102cm |M:106cm |G:110cm<br \/>\nComprimento Total: P:38cm |M:39cm |G:40cm <\/p>\n","protected":false},"featured_media":87242,"template":"","meta":{"spay_email":""},"supplier_id":null,"supplier_sku":"","atum_controlled":true,"out_stock_date":null,"out_stock_threshold":null,"inheritable":true,"inbound_stock":0,"stock_on_hold":0,"sold_today":null,"sales_last_days":null,"reserved_stock":0,"customer_returns":0,"warehouse_damage":0,"lost_in_post":0,"other_logs":0,"out_stock_days":null,"lost_sales":null,"has_location":false,"update_date":"2026-02-05T17:14:12","atum_locations":[],"atum_stock_status":"instock","low_stock":false,"_links":{"self":[{"href":"https:\/\/modamentha.com.br\/index.php?rest_route=\/wp\/v2\/product\/87232"}],"collection":[{"href":"https:\/\/modamentha.com.br\/index.php?rest_route=\/wp\/v2\/product"}],"about":[{"href":"https:\/\/modamentha.com.br\/index.php?rest_route=\/wp\/v2\/types\/product"}],"wp:featuredmedia":[{"embeddable":true,"href":"https:\/\/modamentha.com.br\/index.php?rest_route=\/wp\/v2\/media\/87242"}],"wp:attachment":[{"href":"https:\/\/modamentha.com.br\/index.php?rest_route=%2Fwp%2Fv2%2Fmedia&parent=87232"}],"curies":[{"name":"wp","href":"https:\/\/api.w.org\/{rel}","templated":true}]}}