{"id":87264,"date":"2026-02-05T11:00:59","date_gmt":"2026-02-05T14:00:59","guid":{"rendered":"https:\/\/modamentha.com.br\/?post_type=product&#038;p=87264"},"modified":"2026-02-15T23:31:20","modified_gmt":"2026-02-16T02:31:20","slug":"calca-reta-botao","status":"publish","type":"product","link":"https:\/\/modamentha.com.br\/?product=calca-reta-botao","title":{"rendered":"Cal\u00e7a Reta Bot\u00e3o"},"content":{"rendered":"","protected":false},"excerpt":{"rendered":"<p>Cal\u00e7a reta em alfaiataria mista de viscose com elastano. Possui c\u00f3s transpassado com fechamento em bot\u00e3o forrado com aro de metal, bot\u00e3o interno, z\u00edper de nylon, passante, bolso faca, pregas e el\u00e1stico nas costas.<\/p>\n<p>Composi\u00e7\u00e3o:<br \/>\n62% POLI\u00c9STER 33% VISCOSE 5% ELASTANO | FORRO 100% POLI\u00c9STER<\/p>\n<p>MEDIDAS:<br \/>\nCintura: P:72cm |M:76cm |G:80cm<br \/>\nQuadril: P:102cm |M:106cm |G:110cm<br \/>\nComprimento Total: P:109cm |M:110cm |G:111cm <\/p>\n","protected":false},"featured_media":87236,"template":"","meta":{"spay_email":""},"supplier_id":null,"supplier_sku":"","atum_controlled":true,"out_stock_date":null,"out_stock_threshold":null,"inheritable":true,"inbound_stock":0,"stock_on_hold":0,"sold_today":0,"sales_last_days":1,"reserved_stock":0,"customer_returns":0,"warehouse_damage":0,"lost_in_post":0,"other_logs":0,"out_stock_days":null,"lost_sales":0,"has_location":false,"update_date":"2026-02-18T18:16:26","atum_locations":[],"atum_stock_status":"instock","low_stock":false,"_links":{"self":[{"href":"https:\/\/modamentha.com.br\/index.php?rest_route=\/wp\/v2\/product\/87264"}],"collection":[{"href":"https:\/\/modamentha.com.br\/index.php?rest_route=\/wp\/v2\/product"}],"about":[{"href":"https:\/\/modamentha.com.br\/index.php?rest_route=\/wp\/v2\/types\/product"}],"wp:featuredmedia":[{"embeddable":true,"href":"https:\/\/modamentha.com.br\/index.php?rest_route=\/wp\/v2\/media\/87236"}],"wp:attachment":[{"href":"https:\/\/modamentha.com.br\/index.php?rest_route=%2Fwp%2Fv2%2Fmedia&parent=87264"}],"curies":[{"name":"wp","href":"https:\/\/api.w.org\/{rel}","templated":true}]}}