{"id":87532,"date":"2026-02-07T10:56:32","date_gmt":"2026-02-07T13:56:32","guid":{"rendered":"https:\/\/modamentha.com.br\/?post_type=product&#038;p=87532"},"modified":"2026-03-10T14:37:03","modified_gmt":"2026-03-10T17:37:03","slug":"regata-lenco-chiffon-animal-print","status":"publish","type":"product","link":"https:\/\/modamentha.com.br\/?product=regata-lenco-chiffon-animal-print","title":{"rendered":"Regata Len\u00e7o Chiffon Animal Print"},"content":{"rendered":"","protected":false},"excerpt":{"rendered":"<p>Regata em chiffon estampado. Possui gola com faixa para amarra\u00e7\u00e3o e fechamento nas costas em bot\u00e3o. Acompanha combinete.<\/p>\n<p>Composi\u00e7\u00e3o:<br \/>\n100% POLI\u00c9STER | FORRO 100% POLI\u00c9STER<\/p>\n<p>MEDIDAS:<br \/>\nBusto: P:95cm |M:99cm |G:103cm<br \/>\nComprimento Total: P:60cm |M:61cm |G:62cm <\/p>\n","protected":false},"featured_media":87435,"template":"","meta":{"spay_email":""},"supplier_id":null,"supplier_sku":"","atum_controlled":true,"out_stock_date":null,"out_stock_threshold":null,"inheritable":true,"inbound_stock":0,"stock_on_hold":0,"sold_today":null,"sales_last_days":null,"reserved_stock":0,"customer_returns":0,"warehouse_damage":0,"lost_in_post":0,"other_logs":0,"out_stock_days":null,"lost_sales":null,"has_location":false,"update_date":"2026-02-07T17:03:41","atum_locations":[],"atum_stock_status":"instock","low_stock":false,"_links":{"self":[{"href":"https:\/\/modamentha.com.br\/index.php?rest_route=\/wp\/v2\/product\/87532"}],"collection":[{"href":"https:\/\/modamentha.com.br\/index.php?rest_route=\/wp\/v2\/product"}],"about":[{"href":"https:\/\/modamentha.com.br\/index.php?rest_route=\/wp\/v2\/types\/product"}],"wp:featuredmedia":[{"embeddable":true,"href":"https:\/\/modamentha.com.br\/index.php?rest_route=\/wp\/v2\/media\/87435"}],"wp:attachment":[{"href":"https:\/\/modamentha.com.br\/index.php?rest_route=%2Fwp%2Fv2%2Fmedia&parent=87532"}],"curies":[{"name":"wp","href":"https:\/\/api.w.org\/{rel}","templated":true}]}}