{"id":87618,"date":"2026-02-10T08:12:14","date_gmt":"2026-02-10T11:12:14","guid":{"rendered":"https:\/\/modamentha.com.br\/?post_type=product&#038;p=87618"},"modified":"2026-03-18T14:07:51","modified_gmt":"2026-03-18T17:07:51","slug":"blusa-viscolycra-ombro-caido-5","status":"publish","type":"product","link":"https:\/\/modamentha.com.br\/?product=blusa-viscolycra-ombro-caido-5","title":{"rendered":"Blusa Viscolycra Ombro Ca\u00eddo"},"content":{"rendered":"","protected":false},"excerpt":{"rendered":"<p>Blusa com ombro ca\u00eddo, pregas e revel do pr\u00f3prio tecido.<\/p>\n<p>Composi\u00e7\u00e3o:<br \/>\n91% Viscose 9% Elastano<\/p>\n","protected":false},"featured_media":87615,"template":"","meta":{"spay_email":""},"supplier_id":null,"supplier_sku":"","atum_controlled":true,"out_stock_date":null,"out_stock_threshold":null,"inheritable":true,"inbound_stock":0,"stock_on_hold":0,"sold_today":0,"sales_last_days":2,"reserved_stock":0,"customer_returns":0,"warehouse_damage":0,"lost_in_post":0,"other_logs":0,"out_stock_days":null,"lost_sales":0,"has_location":false,"update_date":"2026-03-03T15:26:12","atum_locations":[],"atum_stock_status":"instock","low_stock":false,"_links":{"self":[{"href":"https:\/\/modamentha.com.br\/index.php?rest_route=\/wp\/v2\/product\/87618"}],"collection":[{"href":"https:\/\/modamentha.com.br\/index.php?rest_route=\/wp\/v2\/product"}],"about":[{"href":"https:\/\/modamentha.com.br\/index.php?rest_route=\/wp\/v2\/types\/product"}],"wp:featuredmedia":[{"embeddable":true,"href":"https:\/\/modamentha.com.br\/index.php?rest_route=\/wp\/v2\/media\/87615"}],"wp:attachment":[{"href":"https:\/\/modamentha.com.br\/index.php?rest_route=%2Fwp%2Fv2%2Fmedia&parent=87618"}],"curies":[{"name":"wp","href":"https:\/\/api.w.org\/{rel}","templated":true}]}}