{"id":87699,"date":"2026-02-10T09:28:48","date_gmt":"2026-02-10T12:28:48","guid":{"rendered":"https:\/\/modamentha.com.br\/?post_type=product&#038;p=87699"},"modified":"2026-04-02T13:21:16","modified_gmt":"2026-04-02T16:21:16","slug":"regata-cropped-crepe-alca","status":"publish","type":"product","link":"https:\/\/modamentha.com.br\/?product=regata-cropped-crepe-alca","title":{"rendered":"Regata Cropped Crepe Al\u00e7a"},"content":{"rendered":"","protected":false},"excerpt":{"rendered":"<p>Composi\u00e7\u00e3o:<\/p>\n<p>100% Poli\u00e9ster <\/p>\n","protected":false},"featured_media":87617,"template":"","meta":{"spay_email":""},"supplier_id":null,"supplier_sku":"","atum_controlled":true,"out_stock_date":null,"out_stock_threshold":null,"inheritable":true,"inbound_stock":0,"stock_on_hold":0,"sold_today":null,"sales_last_days":null,"reserved_stock":0,"customer_returns":0,"warehouse_damage":0,"lost_in_post":0,"other_logs":0,"out_stock_days":null,"lost_sales":null,"has_location":false,"update_date":"2026-02-10T16:05:12","atum_locations":[],"atum_stock_status":"instock","low_stock":false,"_links":{"self":[{"href":"https:\/\/modamentha.com.br\/index.php?rest_route=\/wp\/v2\/product\/87699"}],"collection":[{"href":"https:\/\/modamentha.com.br\/index.php?rest_route=\/wp\/v2\/product"}],"about":[{"href":"https:\/\/modamentha.com.br\/index.php?rest_route=\/wp\/v2\/types\/product"}],"wp:featuredmedia":[{"embeddable":true,"href":"https:\/\/modamentha.com.br\/index.php?rest_route=\/wp\/v2\/media\/87617"}],"wp:attachment":[{"href":"https:\/\/modamentha.com.br\/index.php?rest_route=%2Fwp%2Fv2%2Fmedia&parent=87699"}],"curies":[{"name":"wp","href":"https:\/\/api.w.org\/{rel}","templated":true}]}}