{"id":87938,"date":"2026-02-13T11:00:38","date_gmt":"2026-02-13T14:00:38","guid":{"rendered":"https:\/\/modamentha.com.br\/?post_type=product&#038;p=87938"},"modified":"2026-03-04T11:37:37","modified_gmt":"2026-03-04T14:37:37","slug":"saia-mini-cotton-faixa","status":"publish","type":"product","link":"https:\/\/modamentha.com.br\/?product=saia-mini-cotton-faixa","title":{"rendered":"Saia Mini Cotton Faixa"},"content":{"rendered":"","protected":false},"excerpt":{"rendered":"<p>63% VISCOSE 37% ALGOD\u00c3O<\/p>\n<p>Saia mini em alfaiataria mista com algod\u00e3o. Possui faixa dupla presa na lateral, passante com bot\u00e3o forrado, z\u00edper de nylon lateral e forro shorts.<\/p>\n","protected":false},"featured_media":87956,"template":"","meta":{"spay_email":""},"supplier_id":null,"supplier_sku":"","atum_controlled":true,"out_stock_date":null,"out_stock_threshold":null,"inheritable":true,"inbound_stock":0,"stock_on_hold":0,"sold_today":null,"sales_last_days":null,"reserved_stock":0,"customer_returns":0,"warehouse_damage":0,"lost_in_post":0,"other_logs":0,"out_stock_days":null,"lost_sales":null,"has_location":false,"update_date":"2026-02-13T17:12:18","atum_locations":[],"atum_stock_status":"instock","low_stock":false,"_links":{"self":[{"href":"https:\/\/modamentha.com.br\/index.php?rest_route=\/wp\/v2\/product\/87938"}],"collection":[{"href":"https:\/\/modamentha.com.br\/index.php?rest_route=\/wp\/v2\/product"}],"about":[{"href":"https:\/\/modamentha.com.br\/index.php?rest_route=\/wp\/v2\/types\/product"}],"wp:featuredmedia":[{"embeddable":true,"href":"https:\/\/modamentha.com.br\/index.php?rest_route=\/wp\/v2\/media\/87956"}],"wp:attachment":[{"href":"https:\/\/modamentha.com.br\/index.php?rest_route=%2Fwp%2Fv2%2Fmedia&parent=87938"}],"curies":[{"name":"wp","href":"https:\/\/api.w.org\/{rel}","templated":true}]}}