{"id":87957,"date":"2026-02-18T08:05:22","date_gmt":"2026-02-18T11:05:22","guid":{"rendered":"https:\/\/modamentha.com.br\/?post_type=product&#038;p=87957"},"modified":"2026-03-21T13:04:25","modified_gmt":"2026-03-21T16:04:25","slug":"regata-alca-degage-aviamento-metal-2","status":"publish","type":"product","link":"https:\/\/modamentha.com.br\/?product=regata-alca-degage-aviamento-metal-2","title":{"rendered":"Regata Al\u00e7a Degag\u00ea Aviamento Metal"},"content":{"rendered":"","protected":false},"excerpt":{"rendered":"<p>Al\u00e7a em crepe liso. Possui decote degag\u00ea e al\u00e7as regul\u00e1veis com aviamento de metal.<\/p>\n<p>Composi\u00e7\u00e3o:<br \/>\n100% POLI\u00c9STER<\/p>\n","protected":false},"featured_media":87962,"template":"","meta":{"spay_email":""},"supplier_id":null,"supplier_sku":"","atum_controlled":true,"out_stock_date":null,"out_stock_threshold":null,"inheritable":true,"inbound_stock":0,"stock_on_hold":0,"sold_today":null,"sales_last_days":null,"reserved_stock":0,"customer_returns":0,"warehouse_damage":0,"lost_in_post":0,"other_logs":0,"out_stock_days":null,"lost_sales":null,"has_location":false,"update_date":"2026-02-18T14:42:03","atum_locations":[],"atum_stock_status":"instock","low_stock":false,"_links":{"self":[{"href":"https:\/\/modamentha.com.br\/index.php?rest_route=\/wp\/v2\/product\/87957"}],"collection":[{"href":"https:\/\/modamentha.com.br\/index.php?rest_route=\/wp\/v2\/product"}],"about":[{"href":"https:\/\/modamentha.com.br\/index.php?rest_route=\/wp\/v2\/types\/product"}],"wp:featuredmedia":[{"embeddable":true,"href":"https:\/\/modamentha.com.br\/index.php?rest_route=\/wp\/v2\/media\/87962"}],"wp:attachment":[{"href":"https:\/\/modamentha.com.br\/index.php?rest_route=%2Fwp%2Fv2%2Fmedia&parent=87957"}],"curies":[{"name":"wp","href":"https:\/\/api.w.org\/{rel}","templated":true}]}}