{"id":88135,"date":"2026-02-21T12:52:04","date_gmt":"2026-02-21T15:52:04","guid":{"rendered":"https:\/\/modamentha.com.br\/?post_type=product&#038;p=88135"},"modified":"2026-03-10T16:25:51","modified_gmt":"2026-03-10T19:25:51","slug":"blusa-basica-decote-redondo-2","status":"publish","type":"product","link":"https:\/\/modamentha.com.br\/?product=blusa-basica-decote-redondo-2","title":{"rendered":"Blusa B\u00e1sica Decote Redondo"},"content":{"rendered":"","protected":false},"excerpt":{"rendered":"<p>Composi\u00e7\u00e3o:<br \/>\n99% Viscose 1% Elastano<\/p>\n","protected":false},"featured_media":88082,"template":"","meta":{"spay_email":""},"supplier_id":null,"supplier_sku":"","atum_controlled":true,"out_stock_date":null,"out_stock_threshold":null,"inheritable":true,"inbound_stock":0,"stock_on_hold":0,"sold_today":null,"sales_last_days":null,"reserved_stock":0,"customer_returns":0,"warehouse_damage":0,"lost_in_post":0,"other_logs":0,"out_stock_days":null,"lost_sales":null,"has_location":false,"update_date":"2026-02-21T18:59:48","atum_locations":[],"atum_stock_status":"instock","low_stock":false,"_links":{"self":[{"href":"https:\/\/modamentha.com.br\/index.php?rest_route=\/wp\/v2\/product\/88135"}],"collection":[{"href":"https:\/\/modamentha.com.br\/index.php?rest_route=\/wp\/v2\/product"}],"about":[{"href":"https:\/\/modamentha.com.br\/index.php?rest_route=\/wp\/v2\/types\/product"}],"wp:featuredmedia":[{"embeddable":true,"href":"https:\/\/modamentha.com.br\/index.php?rest_route=\/wp\/v2\/media\/88082"}],"wp:attachment":[{"href":"https:\/\/modamentha.com.br\/index.php?rest_route=%2Fwp%2Fv2%2Fmedia&parent=88135"}],"curies":[{"name":"wp","href":"https:\/\/api.w.org\/{rel}","templated":true}]}}