{"id":88181,"date":"2026-02-24T15:16:12","date_gmt":"2026-02-24T18:16:12","guid":{"rendered":"https:\/\/modamentha.com.br\/?post_type=product&#038;p=88181"},"modified":"2026-04-08T11:53:33","modified_gmt":"2026-04-08T14:53:33","slug":"blusa-crepe-basic-gota-4","status":"publish","type":"product","link":"https:\/\/modamentha.com.br\/?product=blusa-crepe-basic-gota-4","title":{"rendered":"Blusa Crepe Basic Gota"},"content":{"rendered":"","protected":false},"excerpt":{"rendered":"<p>Blusa confeccionada em crepe com caimento leve e fluido. Possui decote redondo, com decote gota e pregas frontais. Fechamento traseiro em z\u00edper de metal. \u00c9 uma pe\u00e7a b\u00e1sica essencial para looks de trabalho mais arrumados.<\/p>\n<p>Composi\u00e7\u00e3o:<br \/>\n100% Poli\u00e9ster<\/p>\n<p>MEDIDAS:<br \/>\nBusto: P: 100 cm | M: 104 cm | G: 108 cm | GG: 112 cm<br \/>\nComprimento Frente: P: 63 cm | M: 65 cm | G: 67 cm | GG: 69 cm <\/p>\n","protected":false},"featured_media":88250,"template":"","meta":{"spay_email":""},"supplier_id":null,"supplier_sku":"","atum_controlled":true,"out_stock_date":null,"out_stock_threshold":null,"inheritable":true,"inbound_stock":0,"stock_on_hold":0,"sold_today":null,"sales_last_days":null,"reserved_stock":0,"customer_returns":0,"warehouse_damage":0,"lost_in_post":0,"other_logs":0,"out_stock_days":null,"lost_sales":null,"has_location":false,"update_date":"2026-02-24T22:17:05","atum_locations":[],"atum_stock_status":"instock","low_stock":false,"_links":{"self":[{"href":"https:\/\/modamentha.com.br\/index.php?rest_route=\/wp\/v2\/product\/88181"}],"collection":[{"href":"https:\/\/modamentha.com.br\/index.php?rest_route=\/wp\/v2\/product"}],"about":[{"href":"https:\/\/modamentha.com.br\/index.php?rest_route=\/wp\/v2\/types\/product"}],"wp:featuredmedia":[{"embeddable":true,"href":"https:\/\/modamentha.com.br\/index.php?rest_route=\/wp\/v2\/media\/88250"}],"wp:attachment":[{"href":"https:\/\/modamentha.com.br\/index.php?rest_route=%2Fwp%2Fv2%2Fmedia&parent=88181"}],"curies":[{"name":"wp","href":"https:\/\/api.w.org\/{rel}","templated":true}]}}