{"id":88403,"date":"2026-02-24T19:58:56","date_gmt":"2026-02-24T22:58:56","guid":{"rendered":"https:\/\/modamentha.com.br\/?post_type=product&#038;p=88403"},"modified":"2026-04-07T13:36:26","modified_gmt":"2026-04-07T16:36:26","slug":"blusa-caterine","status":"publish","type":"product","link":"https:\/\/modamentha.com.br\/?product=blusa-caterine","title":{"rendered":"Blusa Caterine"},"content":{"rendered":"","protected":false},"excerpt":{"rendered":"<p>Detalhes<br \/>\n\u2022 Modelagem estruturada ajustada<br \/>\n\u2022 Decote reto com al\u00e7as finas<br \/>\n\u2022 Recorte na cintura com detalhe em PU<br \/>\n\u2022 Barra peplum<br \/>\n\u2022 Z\u00edper posterior aparente<br \/>\n\u2022 Xadrez alinhado<\/p>\n<p>Composi\u00e7\u00e3o:<br \/>\n60% Poli\u00e9ster, 40% Algod\u00e3o. Forro 92% Poli\u00e9ster, 8% Algod\u00e3o<\/p>\n","protected":false},"featured_media":88183,"template":"","meta":{"spay_email":""},"supplier_id":null,"supplier_sku":"","atum_controlled":true,"out_stock_date":null,"out_stock_threshold":null,"inheritable":true,"inbound_stock":0,"stock_on_hold":0,"sold_today":0,"sales_last_days":1,"reserved_stock":0,"customer_returns":0,"warehouse_damage":0,"lost_in_post":0,"other_logs":0,"out_stock_days":null,"lost_sales":0,"has_location":false,"update_date":"2026-04-09T17:04:36","atum_locations":[],"atum_stock_status":"instock","low_stock":false,"_links":{"self":[{"href":"https:\/\/modamentha.com.br\/index.php?rest_route=\/wp\/v2\/product\/88403"}],"collection":[{"href":"https:\/\/modamentha.com.br\/index.php?rest_route=\/wp\/v2\/product"}],"about":[{"href":"https:\/\/modamentha.com.br\/index.php?rest_route=\/wp\/v2\/types\/product"}],"wp:featuredmedia":[{"embeddable":true,"href":"https:\/\/modamentha.com.br\/index.php?rest_route=\/wp\/v2\/media\/88183"}],"wp:attachment":[{"href":"https:\/\/modamentha.com.br\/index.php?rest_route=%2Fwp%2Fv2%2Fmedia&parent=88403"}],"curies":[{"name":"wp","href":"https:\/\/api.w.org\/{rel}","templated":true}]}}