{"id":88541,"date":"2026-02-25T18:32:06","date_gmt":"2026-02-25T21:32:06","guid":{"rendered":"https:\/\/modamentha.com.br\/?post_type=product&#038;p=88541"},"modified":"2026-03-25T09:50:03","modified_gmt":"2026-03-25T12:50:03","slug":"body-manga-7-8","status":"publish","type":"product","link":"https:\/\/modamentha.com.br\/?product=body-manga-7-8","title":{"rendered":"Body Manga 7\/8"},"content":{"rendered":"","protected":false},"excerpt":{"rendered":"<p>Body stella maris de manga 7\/8 com revel. Possui bot\u00e3o de press\u00e3o n\u00edquel e acabamento feito na galoneira.<\/p>\n<p>Composi\u00e7\u00e3o:<br \/>\n91,5% VISCOSE 8,5% ELASTANO<\/p>\n","protected":false},"featured_media":88529,"template":"","meta":{"spay_email":""},"supplier_id":null,"supplier_sku":"","atum_controlled":true,"out_stock_date":null,"out_stock_threshold":null,"inheritable":true,"inbound_stock":0,"stock_on_hold":0,"sold_today":null,"sales_last_days":null,"reserved_stock":0,"customer_returns":0,"warehouse_damage":0,"lost_in_post":0,"other_logs":0,"out_stock_days":null,"lost_sales":null,"has_location":false,"update_date":"2026-02-26T15:00:24","atum_locations":[],"atum_stock_status":"instock","low_stock":false,"_links":{"self":[{"href":"https:\/\/modamentha.com.br\/index.php?rest_route=\/wp\/v2\/product\/88541"}],"collection":[{"href":"https:\/\/modamentha.com.br\/index.php?rest_route=\/wp\/v2\/product"}],"about":[{"href":"https:\/\/modamentha.com.br\/index.php?rest_route=\/wp\/v2\/types\/product"}],"wp:featuredmedia":[{"embeddable":true,"href":"https:\/\/modamentha.com.br\/index.php?rest_route=\/wp\/v2\/media\/88529"}],"wp:attachment":[{"href":"https:\/\/modamentha.com.br\/index.php?rest_route=%2Fwp%2Fv2%2Fmedia&parent=88541"}],"curies":[{"name":"wp","href":"https:\/\/api.w.org\/{rel}","templated":true}]}}