{"id":88746,"date":"2026-02-28T11:28:22","date_gmt":"2026-02-28T14:28:22","guid":{"rendered":"https:\/\/modamentha.com.br\/?post_type=product&#038;p=88746"},"modified":"2026-04-11T11:12:00","modified_gmt":"2026-04-11T14:12:00","slug":"calca-skinny-basic-sarja-poliamida-11","status":"publish","type":"product","link":"https:\/\/modamentha.com.br\/?product=calca-skinny-basic-sarja-poliamida-11","title":{"rendered":"Cal\u00e7a Skinny Basic Sarja Poliamida"},"content":{"rendered":"","protected":false},"excerpt":{"rendered":"<p>al\u00e7a confeccionada em sarja de poliamida com caimento encorpado, vista com ziper e fecho social interno. Sua modelagem tem caimento reto, com shape mais alinhado e refinado. \u00c9 uma cal\u00e7a b\u00e1sica essencial para compor diversos looks para trabalho.<\/p>\n<p>Tecido:<br \/>\nSarja poliamida<\/p>\n<p>Composi\u00e7\u00e3o:<br \/>\n50% Algod\u00e3o<br \/>\n46% Poliamida<br \/>\n4% Elastano<\/p>\n<p>Tabela de Medidas:<br \/>\n36 \u2013 Cintura 68 cm | Quadril 92 cm | Comprimento 100 cm<br \/>\n38 \u2013 Cintura 72 cm | Quadril 96 cm | Comprimento 102 cm<br \/>\n40 \u2013 Cintura 76 cm | Quadril 100 cm | Comprimento 104 cm<br \/>\n42 \u2013 Cintura 80 cm | Quadril 104 cm | Comprimento 106 cm<br \/>\n44 \u2013 Cintura 84 cm | Quadril 108 cm | Comprimento 108 cm<\/p>\n","protected":false},"featured_media":88755,"template":"","meta":{"spay_email":""},"supplier_id":null,"supplier_sku":"","atum_controlled":true,"out_stock_date":null,"out_stock_threshold":null,"inheritable":true,"inbound_stock":0,"stock_on_hold":0,"sold_today":null,"sales_last_days":null,"reserved_stock":0,"customer_returns":0,"warehouse_damage":0,"lost_in_post":0,"other_logs":0,"out_stock_days":null,"lost_sales":null,"has_location":false,"update_date":"2026-02-28T17:28:54","atum_locations":[],"atum_stock_status":"instock","low_stock":false,"_links":{"self":[{"href":"https:\/\/modamentha.com.br\/index.php?rest_route=\/wp\/v2\/product\/88746"}],"collection":[{"href":"https:\/\/modamentha.com.br\/index.php?rest_route=\/wp\/v2\/product"}],"about":[{"href":"https:\/\/modamentha.com.br\/index.php?rest_route=\/wp\/v2\/types\/product"}],"wp:featuredmedia":[{"embeddable":true,"href":"https:\/\/modamentha.com.br\/index.php?rest_route=\/wp\/v2\/media\/88755"}],"wp:attachment":[{"href":"https:\/\/modamentha.com.br\/index.php?rest_route=%2Fwp%2Fv2%2Fmedia&parent=88746"}],"curies":[{"name":"wp","href":"https:\/\/api.w.org\/{rel}","templated":true}]}}