{"id":88837,"date":"2026-03-05T08:53:41","date_gmt":"2026-03-05T11:53:41","guid":{"rendered":"https:\/\/modamentha.com.br\/?post_type=product&#038;p=88837"},"modified":"2026-04-04T12:24:58","modified_gmt":"2026-04-04T15:24:58","slug":"conjunto-colete-calca-risca-de-giz","status":"publish","type":"product","link":"https:\/\/modamentha.com.br\/?product=conjunto-colete-calca-risca-de-giz","title":{"rendered":"Conjunto Colete Cal\u00e7a Risca de Giz"},"content":{"rendered":"","protected":false},"excerpt":{"rendered":"<p>Composi\u00e7\u00e3o:<br \/>\n92% VISCOSE 8% POLIESTER<\/p>\n","protected":false},"featured_media":88879,"template":"","meta":{"spay_email":""},"supplier_id":null,"supplier_sku":"","atum_controlled":true,"out_stock_date":null,"out_stock_threshold":null,"inheritable":true,"inbound_stock":0,"stock_on_hold":0,"sold_today":null,"sales_last_days":null,"reserved_stock":0,"customer_returns":0,"warehouse_damage":0,"lost_in_post":0,"other_logs":0,"out_stock_days":null,"lost_sales":null,"has_location":false,"update_date":"2026-03-05T15:02:03","atum_locations":[],"atum_stock_status":"instock","low_stock":false,"_links":{"self":[{"href":"https:\/\/modamentha.com.br\/index.php?rest_route=\/wp\/v2\/product\/88837"}],"collection":[{"href":"https:\/\/modamentha.com.br\/index.php?rest_route=\/wp\/v2\/product"}],"about":[{"href":"https:\/\/modamentha.com.br\/index.php?rest_route=\/wp\/v2\/types\/product"}],"wp:featuredmedia":[{"embeddable":true,"href":"https:\/\/modamentha.com.br\/index.php?rest_route=\/wp\/v2\/media\/88879"}],"wp:attachment":[{"href":"https:\/\/modamentha.com.br\/index.php?rest_route=%2Fwp%2Fv2%2Fmedia&parent=88837"}],"curies":[{"name":"wp","href":"https:\/\/api.w.org\/{rel}","templated":true}]}}