{"id":88937,"date":"2026-03-05T09:13:07","date_gmt":"2026-03-05T12:13:07","guid":{"rendered":"https:\/\/modamentha.com.br\/?post_type=product&#038;p=88937"},"modified":"2026-03-31T16:02:24","modified_gmt":"2026-03-31T19:02:24","slug":"calca-alfaiataria-skinny-2","status":"publish","type":"product","link":"https:\/\/modamentha.com.br\/?product=calca-alfaiataria-skinny-2","title":{"rendered":"Cal\u00e7a Alfaiataria Skinny"},"content":{"rendered":"","protected":false},"excerpt":{"rendered":"<p>Cal\u00e7a em alfaiataria mista de poliamida com elastano encorpada. Possui modelagem skinny, com detalhe de bolso faca, bot\u00e3o forrado e c\u00f3s com passante.<\/p>\n<p>Composi\u00e7\u00e3o:<br \/>\n97% ALGOD\u00c3O 3% ELASTANO | FORRO 100% POLI\u00c9STER<\/p>\n<p>MEDIDAS:<br \/>\nCintura: P:72cm |M:76cm |G:80cm<br \/>\nQuadril: P:98cm |M:102cm |G:106cm<br \/>\nComprimento Total: P:98cm |M:99cm |G:100cm <\/p>\n","protected":false},"featured_media":88865,"template":"","meta":{"spay_email":""},"supplier_id":null,"supplier_sku":"","atum_controlled":true,"out_stock_date":null,"out_stock_threshold":null,"inheritable":true,"inbound_stock":0,"stock_on_hold":0,"sold_today":null,"sales_last_days":null,"reserved_stock":0,"customer_returns":0,"warehouse_damage":0,"lost_in_post":0,"other_logs":0,"out_stock_days":null,"lost_sales":null,"has_location":false,"update_date":"2026-03-05T15:28:52","atum_locations":[],"atum_stock_status":"instock","low_stock":false,"_links":{"self":[{"href":"https:\/\/modamentha.com.br\/index.php?rest_route=\/wp\/v2\/product\/88937"}],"collection":[{"href":"https:\/\/modamentha.com.br\/index.php?rest_route=\/wp\/v2\/product"}],"about":[{"href":"https:\/\/modamentha.com.br\/index.php?rest_route=\/wp\/v2\/types\/product"}],"wp:featuredmedia":[{"embeddable":true,"href":"https:\/\/modamentha.com.br\/index.php?rest_route=\/wp\/v2\/media\/88865"}],"wp:attachment":[{"href":"https:\/\/modamentha.com.br\/index.php?rest_route=%2Fwp%2Fv2%2Fmedia&parent=88937"}],"curies":[{"name":"wp","href":"https:\/\/api.w.org\/{rel}","templated":true}]}}