{"id":89103,"date":"2026-03-05T20:30:20","date_gmt":"2026-03-05T23:30:20","guid":{"rendered":"https:\/\/modamentha.com.br\/?post_type=product&#038;p=89103"},"modified":"2026-04-01T10:25:00","modified_gmt":"2026-04-01T13:25:00","slug":"regata-alongada-degage-pregas","status":"publish","type":"product","link":"https:\/\/modamentha.com.br\/?product=regata-alongada-degage-pregas","title":{"rendered":"Regata Alongada Degag\u00ea Pregas"},"content":{"rendered":"","protected":false},"excerpt":{"rendered":"<p>Regata em crepe liso. Possui decote degag\u00ea, z\u00edper de nylon lateral, prega e el\u00e1stico na cintura.<\/p>\n<p>Composi\u00e7\u00e3o:<br \/>\n100% POLI\u00c9STER<\/p>\n<p>MEDIDAS:<br \/>\nBusto: P:90cm |M:94cm |G:98cm<br \/>\nComprimento Total: P:61cm |M:62cm |G:63cm <\/p>\n","protected":false},"featured_media":88840,"template":"","meta":{"spay_email":""},"supplier_id":null,"supplier_sku":"","atum_controlled":true,"out_stock_date":null,"out_stock_threshold":null,"inheritable":true,"inbound_stock":0,"stock_on_hold":0,"sold_today":null,"sales_last_days":null,"reserved_stock":0,"customer_returns":0,"warehouse_damage":0,"lost_in_post":0,"other_logs":0,"out_stock_days":null,"lost_sales":null,"has_location":false,"update_date":"2026-03-06T03:03:41","atum_locations":[],"atum_stock_status":"instock","low_stock":false,"_links":{"self":[{"href":"https:\/\/modamentha.com.br\/index.php?rest_route=\/wp\/v2\/product\/89103"}],"collection":[{"href":"https:\/\/modamentha.com.br\/index.php?rest_route=\/wp\/v2\/product"}],"about":[{"href":"https:\/\/modamentha.com.br\/index.php?rest_route=\/wp\/v2\/types\/product"}],"wp:featuredmedia":[{"embeddable":true,"href":"https:\/\/modamentha.com.br\/index.php?rest_route=\/wp\/v2\/media\/88840"}],"wp:attachment":[{"href":"https:\/\/modamentha.com.br\/index.php?rest_route=%2Fwp%2Fv2%2Fmedia&parent=89103"}],"curies":[{"name":"wp","href":"https:\/\/api.w.org\/{rel}","templated":true}]}}