{"id":89372,"date":"2026-03-10T15:54:15","date_gmt":"2026-03-10T18:54:15","guid":{"rendered":"https:\/\/modamentha.com.br\/?post_type=product&#038;p=89372"},"modified":"2026-03-13T12:24:56","modified_gmt":"2026-03-13T15:24:56","slug":"calca-alfaiataria-elastico-nervura","status":"publish","type":"product","link":"https:\/\/modamentha.com.br\/?product=calca-alfaiataria-elastico-nervura","title":{"rendered":"Cal\u00e7a Alfaiataria El\u00e1stico Nervura"},"content":{"rendered":"","protected":false},"excerpt":{"rendered":"<p>Cal\u00e7a com c\u00f3s de el\u00e1stico e nervura<\/p>\n<p>Composi\u00e7\u00e3o:<br \/>\n100% poli\u00e9ster<\/p>\n","protected":false},"featured_media":89335,"template":"","meta":{"spay_email":""},"supplier_id":null,"supplier_sku":"","atum_controlled":true,"out_stock_date":null,"out_stock_threshold":null,"inheritable":true,"inbound_stock":0,"stock_on_hold":0,"sold_today":null,"sales_last_days":null,"reserved_stock":0,"customer_returns":0,"warehouse_damage":0,"lost_in_post":0,"other_logs":0,"out_stock_days":null,"lost_sales":null,"has_location":false,"update_date":"2026-03-10T22:24:40","atum_locations":[],"atum_stock_status":"instock","low_stock":false,"_links":{"self":[{"href":"https:\/\/modamentha.com.br\/index.php?rest_route=\/wp\/v2\/product\/89372"}],"collection":[{"href":"https:\/\/modamentha.com.br\/index.php?rest_route=\/wp\/v2\/product"}],"about":[{"href":"https:\/\/modamentha.com.br\/index.php?rest_route=\/wp\/v2\/types\/product"}],"wp:featuredmedia":[{"embeddable":true,"href":"https:\/\/modamentha.com.br\/index.php?rest_route=\/wp\/v2\/media\/89335"}],"wp:attachment":[{"href":"https:\/\/modamentha.com.br\/index.php?rest_route=%2Fwp%2Fv2%2Fmedia&parent=89372"}],"curies":[{"name":"wp","href":"https:\/\/api.w.org\/{rel}","templated":true}]}}