{"id":89897,"date":"2026-03-17T07:04:36","date_gmt":"2026-03-17T10:04:36","guid":{"rendered":"https:\/\/modamentha.com.br\/?post_type=product&#038;p=89897"},"modified":"2026-03-17T07:04:37","modified_gmt":"2026-03-17T10:04:37","slug":"camisa-listrada-amarracao","status":"publish","type":"product","link":"https:\/\/modamentha.com.br\/?product=camisa-listrada-amarracao","title":{"rendered":"Camisa Listrada Amarra\u00e7\u00e3o"},"content":{"rendered":"","protected":false},"excerpt":{"rendered":"<p>Camisa listrada em algod\u00e3o misto. Possui vista interna com fechamento em bot\u00e3o, rolot\u00ea lateral para amarra\u00e7\u00e3o, fenda lateral e punho com fechamento em bot\u00e3o.<\/p>\n<p>Composi\u00e7\u00e3o:<br \/>\n60% POLI\u00c9STER 40% VISCOSE<\/p>\n","protected":false},"featured_media":89771,"template":"","meta":{"spay_email":""},"supplier_id":null,"supplier_sku":"","atum_controlled":true,"out_stock_date":null,"out_stock_threshold":null,"inheritable":true,"inbound_stock":0,"stock_on_hold":0,"sold_today":null,"sales_last_days":null,"reserved_stock":0,"customer_returns":0,"warehouse_damage":0,"lost_in_post":0,"other_logs":0,"out_stock_days":null,"lost_sales":null,"has_location":false,"update_date":"2026-03-17T15:41:06","atum_locations":[],"atum_stock_status":"instock","low_stock":false,"_links":{"self":[{"href":"https:\/\/modamentha.com.br\/index.php?rest_route=\/wp\/v2\/product\/89897"}],"collection":[{"href":"https:\/\/modamentha.com.br\/index.php?rest_route=\/wp\/v2\/product"}],"about":[{"href":"https:\/\/modamentha.com.br\/index.php?rest_route=\/wp\/v2\/types\/product"}],"wp:featuredmedia":[{"embeddable":true,"href":"https:\/\/modamentha.com.br\/index.php?rest_route=\/wp\/v2\/media\/89771"}],"wp:attachment":[{"href":"https:\/\/modamentha.com.br\/index.php?rest_route=%2Fwp%2Fv2%2Fmedia&parent=89897"}],"curies":[{"name":"wp","href":"https:\/\/api.w.org\/{rel}","templated":true}]}}