{"id":89901,"date":"2026-03-17T07:13:02","date_gmt":"2026-03-17T10:13:02","guid":{"rendered":"https:\/\/modamentha.com.br\/?post_type=product&#038;p=89901"},"modified":"2026-04-07T16:58:23","modified_gmt":"2026-04-07T19:58:23","slug":"blusa-degage-aviamento","status":"publish","type":"product","link":"https:\/\/modamentha.com.br\/?product=blusa-degage-aviamento","title":{"rendered":"Blusa Degag\u00ea Aviamento"},"content":{"rendered":"","protected":false},"excerpt":{"rendered":"<p>Blusa em crepe liso. Possui decote degag\u00ea com detalhe de aviamento de metal, el\u00e1stico no punho e fechamento em bot\u00e3o nas costas.<\/p>\n<p>Composi\u00e7\u00e3o:<br \/>\n100% POLI\u00c9STER<\/p>\n","protected":false},"featured_media":89767,"template":"","meta":{"spay_email":""},"supplier_id":null,"supplier_sku":"","atum_controlled":true,"out_stock_date":null,"out_stock_threshold":null,"inheritable":true,"inbound_stock":0,"stock_on_hold":0,"sold_today":1,"sales_last_days":2,"reserved_stock":0,"customer_returns":0,"warehouse_damage":0,"lost_in_post":0,"other_logs":0,"out_stock_days":null,"lost_sales":0,"has_location":false,"update_date":"2026-03-30T15:12:17","atum_locations":[],"atum_stock_status":"instock","low_stock":false,"_links":{"self":[{"href":"https:\/\/modamentha.com.br\/index.php?rest_route=\/wp\/v2\/product\/89901"}],"collection":[{"href":"https:\/\/modamentha.com.br\/index.php?rest_route=\/wp\/v2\/product"}],"about":[{"href":"https:\/\/modamentha.com.br\/index.php?rest_route=\/wp\/v2\/types\/product"}],"wp:featuredmedia":[{"embeddable":true,"href":"https:\/\/modamentha.com.br\/index.php?rest_route=\/wp\/v2\/media\/89767"}],"wp:attachment":[{"href":"https:\/\/modamentha.com.br\/index.php?rest_route=%2Fwp%2Fv2%2Fmedia&parent=89901"}],"curies":[{"name":"wp","href":"https:\/\/api.w.org\/{rel}","templated":true}]}}