{"id":89911,"date":"2026-03-17T07:35:35","date_gmt":"2026-03-17T10:35:35","guid":{"rendered":"https:\/\/modamentha.com.br\/?post_type=product&#038;p=89911"},"modified":"2026-03-19T18:07:03","modified_gmt":"2026-03-19T21:07:03","slug":"saia-twill-botoes","status":"publish","type":"product","link":"https:\/\/modamentha.com.br\/?product=saia-twill-botoes","title":{"rendered":"Saia Twill Bot\u00f5es"},"content":{"rendered":"","protected":false},"excerpt":{"rendered":"<p>Saia em alfaiataria mista com toque aveludado.<br \/>\nPossui z\u00edper de nylon lateral, bolso faca, bot\u00e3o forrado, el\u00e1stico c\u00f3s costas e forro.<\/p>\n<p>Composi\u00e7\u00e3o:<br \/>\n93% VISCOSE 7% POLI\u00c9STER | FORRO 100% POLI\u00c9STER<\/p>\n","protected":false},"featured_media":89761,"template":"","meta":{"spay_email":""},"supplier_id":null,"supplier_sku":"","atum_controlled":true,"out_stock_date":null,"out_stock_threshold":null,"inheritable":true,"inbound_stock":0,"stock_on_hold":0,"sold_today":null,"sales_last_days":null,"reserved_stock":0,"customer_returns":0,"warehouse_damage":0,"lost_in_post":0,"other_logs":0,"out_stock_days":null,"lost_sales":null,"has_location":false,"update_date":"2026-03-17T15:40:56","atum_locations":[],"atum_stock_status":"instock","low_stock":false,"_links":{"self":[{"href":"https:\/\/modamentha.com.br\/index.php?rest_route=\/wp\/v2\/product\/89911"}],"collection":[{"href":"https:\/\/modamentha.com.br\/index.php?rest_route=\/wp\/v2\/product"}],"about":[{"href":"https:\/\/modamentha.com.br\/index.php?rest_route=\/wp\/v2\/types\/product"}],"wp:featuredmedia":[{"embeddable":true,"href":"https:\/\/modamentha.com.br\/index.php?rest_route=\/wp\/v2\/media\/89761"}],"wp:attachment":[{"href":"https:\/\/modamentha.com.br\/index.php?rest_route=%2Fwp%2Fv2%2Fmedia&parent=89911"}],"curies":[{"name":"wp","href":"https:\/\/api.w.org\/{rel}","templated":true}]}}