{"id":89925,"date":"2026-03-17T20:58:15","date_gmt":"2026-03-17T23:58:15","guid":{"rendered":"https:\/\/modamentha.com.br\/?post_type=product&#038;p=89925"},"modified":"2026-04-10T16:35:25","modified_gmt":"2026-04-10T19:35:25","slug":"calca-alfaiataria-basic","status":"publish","type":"product","link":"https:\/\/modamentha.com.br\/?product=calca-alfaiataria-basic","title":{"rendered":"Cal\u00e7a Alfaiataria Basic"},"content":{"rendered":"","protected":false},"excerpt":{"rendered":"<p>Cal\u00e7a bootcut em alfaiataria de algod\u00e3o com poliamida e elastano. Possui c\u00f3s com fechamento em bot\u00e3o forrado, z\u00edper de nylon e bolso vivo nas costas.<\/p>\n<p>Composi\u00e7\u00e3o:<br \/>\n50% ALGOD\u00c3O 46% POLIAMIDA 4% ELASTANO | FORRO 100% POLI\u00c9STER<\/p>\n","protected":false},"featured_media":89753,"template":"","meta":{"spay_email":""},"supplier_id":null,"supplier_sku":"","atum_controlled":true,"out_stock_date":null,"out_stock_threshold":null,"inheritable":true,"inbound_stock":0,"stock_on_hold":0,"sold_today":null,"sales_last_days":null,"reserved_stock":0,"customer_returns":0,"warehouse_damage":0,"lost_in_post":0,"other_logs":0,"out_stock_days":null,"lost_sales":null,"has_location":false,"update_date":"2026-03-18T03:21:39","atum_locations":[],"atum_stock_status":"instock","low_stock":false,"_links":{"self":[{"href":"https:\/\/modamentha.com.br\/index.php?rest_route=\/wp\/v2\/product\/89925"}],"collection":[{"href":"https:\/\/modamentha.com.br\/index.php?rest_route=\/wp\/v2\/product"}],"about":[{"href":"https:\/\/modamentha.com.br\/index.php?rest_route=\/wp\/v2\/types\/product"}],"wp:featuredmedia":[{"embeddable":true,"href":"https:\/\/modamentha.com.br\/index.php?rest_route=\/wp\/v2\/media\/89753"}],"wp:attachment":[{"href":"https:\/\/modamentha.com.br\/index.php?rest_route=%2Fwp%2Fv2%2Fmedia&parent=89925"}],"curies":[{"name":"wp","href":"https:\/\/api.w.org\/{rel}","templated":true}]}}