{"id":90001,"date":"2026-03-18T21:06:24","date_gmt":"2026-03-19T00:06:24","guid":{"rendered":"https:\/\/modamentha.com.br\/?post_type=product&#038;p=90001"},"modified":"2026-03-24T17:41:11","modified_gmt":"2026-03-24T20:41:11","slug":"vestido-jessica","status":"publish","type":"product","link":"https:\/\/modamentha.com.br\/?product=vestido-jessica","title":{"rendered":"Vestido J\u00e9ssica"},"content":{"rendered":"","protected":false},"excerpt":{"rendered":"<p>Modelagem ajustada no busto com saia levemente ampla<br \/>\nDecote com recorte estruturado<br \/>\nAl\u00e7as finas com constru\u00e7\u00e3o leve<br \/>\nCinto no mesmo tecido para ajuste de cintura<br \/>\nRecortes com pespontos aparentes<br \/>\nTecido com elastano para conforto e mobilidade<\/p>\n<p>Composi\u00e7\u00e3o:<br \/>\n78% Poli\u00e9ster, 18% Viscose, 4% Elastano<\/p>\n","protected":false},"featured_media":89997,"template":"","meta":{"spay_email":""},"supplier_id":null,"supplier_sku":"","atum_controlled":true,"out_stock_date":null,"out_stock_threshold":null,"inheritable":true,"inbound_stock":0,"stock_on_hold":0,"sold_today":null,"sales_last_days":null,"reserved_stock":0,"customer_returns":0,"warehouse_damage":0,"lost_in_post":0,"other_logs":0,"out_stock_days":null,"lost_sales":null,"has_location":false,"update_date":"2026-03-19T15:06:11","atum_locations":[],"atum_stock_status":"instock","low_stock":false,"_links":{"self":[{"href":"https:\/\/modamentha.com.br\/index.php?rest_route=\/wp\/v2\/product\/90001"}],"collection":[{"href":"https:\/\/modamentha.com.br\/index.php?rest_route=\/wp\/v2\/product"}],"about":[{"href":"https:\/\/modamentha.com.br\/index.php?rest_route=\/wp\/v2\/types\/product"}],"wp:featuredmedia":[{"embeddable":true,"href":"https:\/\/modamentha.com.br\/index.php?rest_route=\/wp\/v2\/media\/89997"}],"wp:attachment":[{"href":"https:\/\/modamentha.com.br\/index.php?rest_route=%2Fwp%2Fv2%2Fmedia&parent=90001"}],"curies":[{"name":"wp","href":"https:\/\/api.w.org\/{rel}","templated":true}]}}