{"id":90005,"date":"2026-03-18T21:16:39","date_gmt":"2026-03-19T00:16:39","guid":{"rendered":"https:\/\/modamentha.com.br\/?post_type=product&#038;p=90005"},"modified":"2026-03-21T12:55:38","modified_gmt":"2026-03-21T15:55:38","slug":"tricot-iza","status":"publish","type":"product","link":"https:\/\/modamentha.com.br\/?product=tricot-iza","title":{"rendered":"Tricot Iza"},"content":{"rendered":"","protected":false},"excerpt":{"rendered":"<p>Gola ampla (gol\u00e3o) com constru\u00e7\u00e3o confort\u00e1vel<br \/>\nTrama canelada com elasticidade e ajuste ao corpo<br \/>\nModelagem levemente solta com caimento fluido<br \/>\nMangas longas com punhos ajustados<br \/>\nTric\u00f4 com toque macio<br \/>\nTamanho \u00fanico (veste 36 ao 42)<\/p>\n<p>Composi\u00e7\u00e3o:<br \/>\n100% Acr\u00edlico<\/p>\n","protected":false},"featured_media":89995,"template":"","meta":{"spay_email":""},"supplier_id":null,"supplier_sku":"","atum_controlled":true,"out_stock_date":null,"out_stock_threshold":null,"inheritable":true,"inbound_stock":0,"stock_on_hold":0,"sold_today":null,"sales_last_days":null,"reserved_stock":0,"customer_returns":0,"warehouse_damage":0,"lost_in_post":0,"other_logs":0,"out_stock_days":null,"lost_sales":null,"has_location":false,"update_date":"2026-03-19T15:06:10","atum_locations":[],"atum_stock_status":"instock","low_stock":false,"_links":{"self":[{"href":"https:\/\/modamentha.com.br\/index.php?rest_route=\/wp\/v2\/product\/90005"}],"collection":[{"href":"https:\/\/modamentha.com.br\/index.php?rest_route=\/wp\/v2\/product"}],"about":[{"href":"https:\/\/modamentha.com.br\/index.php?rest_route=\/wp\/v2\/types\/product"}],"wp:featuredmedia":[{"embeddable":true,"href":"https:\/\/modamentha.com.br\/index.php?rest_route=\/wp\/v2\/media\/89995"}],"wp:attachment":[{"href":"https:\/\/modamentha.com.br\/index.php?rest_route=%2Fwp%2Fv2%2Fmedia&parent=90005"}],"curies":[{"name":"wp","href":"https:\/\/api.w.org\/{rel}","templated":true}]}}