{"id":90308,"date":"2026-03-27T15:32:16","date_gmt":"2026-03-27T18:32:16","guid":{"rendered":"https:\/\/modamentha.com.br\/?post_type=product&#038;p=90308"},"modified":"2026-03-28T13:21:38","modified_gmt":"2026-03-28T16:21:38","slug":"saia-mini-veludo-cotele","status":"publish","type":"product","link":"https:\/\/modamentha.com.br\/?product=saia-mini-veludo-cotele","title":{"rendered":"Saia Mini Veludo Cotel\u00ea"},"content":{"rendered":"","protected":false},"excerpt":{"rendered":"<p>Saia mini em veludo cotel\u00ea. Possui c\u00f3s, z\u00edper de nylon lateral, bolso e forro shorts.<\/p>\n<p>Composi\u00e7\u00e3o:<br \/>\n100% POLI\u00c9STER | FORRO 100% POLI\u00c9STER<\/p>\n<p>MEDIDAS:<br \/>\nCintura: P:72cm |M:76cm |G:80cm<br \/>\nQuadril: P:98cm |M:102cm |G:106cm<br \/>\nComprimento Total: P:40cm |M:41cm |G:42cm <\/p>\n","protected":false},"featured_media":90297,"template":"","meta":{"spay_email":""},"supplier_id":null,"supplier_sku":"","atum_controlled":true,"out_stock_date":null,"out_stock_threshold":null,"inheritable":true,"inbound_stock":0,"stock_on_hold":0,"sold_today":null,"sales_last_days":null,"reserved_stock":0,"customer_returns":0,"warehouse_damage":0,"lost_in_post":0,"other_logs":0,"out_stock_days":null,"lost_sales":null,"has_location":false,"update_date":"2026-03-27T22:22:33","atum_locations":[],"atum_stock_status":"instock","low_stock":false,"_links":{"self":[{"href":"https:\/\/modamentha.com.br\/index.php?rest_route=\/wp\/v2\/product\/90308"}],"collection":[{"href":"https:\/\/modamentha.com.br\/index.php?rest_route=\/wp\/v2\/product"}],"about":[{"href":"https:\/\/modamentha.com.br\/index.php?rest_route=\/wp\/v2\/types\/product"}],"wp:featuredmedia":[{"embeddable":true,"href":"https:\/\/modamentha.com.br\/index.php?rest_route=\/wp\/v2\/media\/90297"}],"wp:attachment":[{"href":"https:\/\/modamentha.com.br\/index.php?rest_route=%2Fwp%2Fv2%2Fmedia&parent=90308"}],"curies":[{"name":"wp","href":"https:\/\/api.w.org\/{rel}","templated":true}]}}