{"id":90359,"date":"2026-03-30T08:19:31","date_gmt":"2026-03-30T11:19:31","guid":{"rendered":"https:\/\/modamentha.com.br\/?post_type=product&#038;p=90359"},"modified":"2026-04-09T10:35:47","modified_gmt":"2026-04-09T13:35:47","slug":"conjunto-moletinho-blusa-decote-v","status":"publish","type":"product","link":"https:\/\/modamentha.com.br\/?product=conjunto-moletinho-blusa-decote-v","title":{"rendered":"Conjunto Moletinho Blusa Decote V"},"content":{"rendered":"","protected":false},"excerpt":{"rendered":"<p>Conjunto moletom basic, cal\u00e7a com c\u00f3s de el\u00e1stico e fendas laterais e  blusa decote V.<\/p>\n<p>94% VISCOSE 6% ELASTANO<\/p>\n","protected":false},"featured_media":90346,"template":"","meta":{"spay_email":""},"supplier_id":null,"supplier_sku":"","atum_controlled":true,"out_stock_date":null,"out_stock_threshold":null,"inheritable":true,"inbound_stock":0,"stock_on_hold":0,"sold_today":null,"sales_last_days":null,"reserved_stock":0,"customer_returns":0,"warehouse_damage":0,"lost_in_post":0,"other_logs":0,"out_stock_days":null,"lost_sales":null,"has_location":false,"update_date":"2026-03-30T14:28:20","atum_locations":[],"atum_stock_status":"instock","low_stock":false,"_links":{"self":[{"href":"https:\/\/modamentha.com.br\/index.php?rest_route=\/wp\/v2\/product\/90359"}],"collection":[{"href":"https:\/\/modamentha.com.br\/index.php?rest_route=\/wp\/v2\/product"}],"about":[{"href":"https:\/\/modamentha.com.br\/index.php?rest_route=\/wp\/v2\/types\/product"}],"wp:featuredmedia":[{"embeddable":true,"href":"https:\/\/modamentha.com.br\/index.php?rest_route=\/wp\/v2\/media\/90346"}],"wp:attachment":[{"href":"https:\/\/modamentha.com.br\/index.php?rest_route=%2Fwp%2Fv2%2Fmedia&parent=90359"}],"curies":[{"name":"wp","href":"https:\/\/api.w.org\/{rel}","templated":true}]}}