{"id":90376,"date":"2026-03-30T08:34:52","date_gmt":"2026-03-30T11:34:52","guid":{"rendered":"https:\/\/modamentha.com.br\/?post_type=product&#038;p=90376"},"modified":"2026-04-07T19:04:58","modified_gmt":"2026-04-07T22:04:58","slug":"blazer-tweed-2","status":"publish","type":"product","link":"https:\/\/modamentha.com.br\/?product=blazer-tweed-2","title":{"rendered":"Blazer Tweed"},"content":{"rendered":"","protected":false},"excerpt":{"rendered":"<p>Blazer boy em tweed pied poule. Possui ombreira, bot\u00e3o de metal e forro.<\/p>\n<p>Composi\u00e7\u00e3o:<br \/>\n58% POLI\u00c9STER 18,3% ALGOD\u00c3O 13,3% FIO MISTO 5,4% ACRILICO 3% POLIAMIDA 2% L\u00c3 | FORRO 100% POLI\u00c9STER<\/p>\n<p>MEDIDAS:<br \/>\nBusto: P:92cm |M:96cm |G:100cm<br \/>\nCintura: P:88cm |M:92cm |G:96cm<br \/>\nQuadril: P:102cm |M:106cm |G:110cm<br \/>\nComprimento Manga: P:63cm |M:64cm |G:65cm<br \/>\nComprimento Total: P:70cm |M:71cm |G:72cm <\/p>\n","protected":false},"featured_media":90340,"template":"","meta":{"spay_email":""},"supplier_id":null,"supplier_sku":"","atum_controlled":true,"out_stock_date":null,"out_stock_threshold":null,"inheritable":true,"inbound_stock":0,"stock_on_hold":0,"sold_today":null,"sales_last_days":null,"reserved_stock":0,"customer_returns":0,"warehouse_damage":0,"lost_in_post":0,"other_logs":0,"out_stock_days":null,"lost_sales":null,"has_location":false,"update_date":"2026-03-30T14:38:05","atum_locations":[],"atum_stock_status":"instock","low_stock":false,"_links":{"self":[{"href":"https:\/\/modamentha.com.br\/index.php?rest_route=\/wp\/v2\/product\/90376"}],"collection":[{"href":"https:\/\/modamentha.com.br\/index.php?rest_route=\/wp\/v2\/product"}],"about":[{"href":"https:\/\/modamentha.com.br\/index.php?rest_route=\/wp\/v2\/types\/product"}],"wp:featuredmedia":[{"embeddable":true,"href":"https:\/\/modamentha.com.br\/index.php?rest_route=\/wp\/v2\/media\/90340"}],"wp:attachment":[{"href":"https:\/\/modamentha.com.br\/index.php?rest_route=%2Fwp%2Fv2%2Fmedia&parent=90376"}],"curies":[{"name":"wp","href":"https:\/\/api.w.org\/{rel}","templated":true}]}}