{"id":90431,"date":"2026-03-31T11:24:35","date_gmt":"2026-03-31T14:24:35","guid":{"rendered":"https:\/\/modamentha.com.br\/?post_type=product&#038;p=90431"},"modified":"2026-04-07T09:22:46","modified_gmt":"2026-04-07T12:22:46","slug":"macacao-twill-aviamento-pedra","status":"publish","type":"product","link":"https:\/\/modamentha.com.br\/?product=macacao-twill-aviamento-pedra","title":{"rendered":"Macac\u00e3o Twill Aviamento Pedra"},"content":{"rendered":"","protected":false},"excerpt":{"rendered":"<p>Macac\u00e3o em alfaiataria mista de viscose texturizada. Possui transpasse no decote, bolso faca, prega, al\u00e7as regul\u00e1veis, fechamento nas costas em z\u00edper de nylon e forro.<\/p>\n<p>Composi\u00e7\u00e3o:<br \/>\n80% VISCOSE 20% POLI\u00c9STER | FORRO 100% POLI\u00c9STER<\/p>\n<p>MEDIDAS:<br \/>\nBusto: P:90cm |M:94cm |G:98cm<br \/>\nCintura: P:72cm |M:76cm |G:80cm<br \/>\nQuadril: P:100cm |M:104cm |G:108cm<br \/>\nComprimento Total: P:158cm |M:159,5cm |G:161cm <\/p>\n","protected":false},"featured_media":90446,"template":"","meta":{"spay_email":""},"supplier_id":null,"supplier_sku":"","atum_controlled":true,"out_stock_date":null,"out_stock_threshold":null,"inheritable":true,"inbound_stock":0,"stock_on_hold":0,"sold_today":null,"sales_last_days":null,"reserved_stock":0,"customer_returns":0,"warehouse_damage":0,"lost_in_post":0,"other_logs":0,"out_stock_days":null,"lost_sales":null,"has_location":false,"update_date":"2026-03-31T17:31:21","atum_locations":[],"atum_stock_status":"instock","low_stock":false,"_links":{"self":[{"href":"https:\/\/modamentha.com.br\/index.php?rest_route=\/wp\/v2\/product\/90431"}],"collection":[{"href":"https:\/\/modamentha.com.br\/index.php?rest_route=\/wp\/v2\/product"}],"about":[{"href":"https:\/\/modamentha.com.br\/index.php?rest_route=\/wp\/v2\/types\/product"}],"wp:featuredmedia":[{"embeddable":true,"href":"https:\/\/modamentha.com.br\/index.php?rest_route=\/wp\/v2\/media\/90446"}],"wp:attachment":[{"href":"https:\/\/modamentha.com.br\/index.php?rest_route=%2Fwp%2Fv2%2Fmedia&parent=90431"}],"curies":[{"name":"wp","href":"https:\/\/api.w.org\/{rel}","templated":true}]}}