{"id":90611,"date":"2026-04-01T19:44:25","date_gmt":"2026-04-01T22:44:25","guid":{"rendered":"https:\/\/modamentha.com.br\/?post_type=product&#038;p=90611"},"modified":"2026-04-06T11:45:14","modified_gmt":"2026-04-06T14:45:14","slug":"blusa-gola-laco-floral-2","status":"publish","type":"product","link":"https:\/\/modamentha.com.br\/?product=blusa-gola-laco-floral-2","title":{"rendered":"Blusa Gola La\u00e7o Floral"},"content":{"rendered":"","protected":false},"excerpt":{"rendered":"<p>Blusa em yoryu floral exclusivo. Possui faixa presa na lateral para la\u00e7o, el\u00e1stico no punho e fechamento em bot\u00e3o nas costas. Acompanha combinte.<\/p>\n<p>Composi\u00e7\u00e3o:<br \/>\n100% POLI\u00c9STER | FORRO 100% POLI\u00c9STER<\/p>\n<p>MEDIDAS:<br \/>\nBusto: P:100cm |M:104cm |G:108cm<br \/>\nComprimento Manga: P:62cm |M:63cm |G:64cm<br \/>\nComprimento Total: P:60cm |M:61cm |G:62cm <\/p>\n","protected":false},"featured_media":90608,"template":"","meta":{"spay_email":""},"supplier_id":null,"supplier_sku":"","atum_controlled":true,"out_stock_date":null,"out_stock_threshold":null,"inheritable":true,"inbound_stock":0,"stock_on_hold":0,"sold_today":null,"sales_last_days":null,"reserved_stock":0,"customer_returns":0,"warehouse_damage":0,"lost_in_post":0,"other_logs":0,"out_stock_days":null,"lost_sales":null,"has_location":false,"update_date":"2026-04-02T02:05:42","atum_locations":[],"atum_stock_status":"instock","low_stock":false,"_links":{"self":[{"href":"https:\/\/modamentha.com.br\/index.php?rest_route=\/wp\/v2\/product\/90611"}],"collection":[{"href":"https:\/\/modamentha.com.br\/index.php?rest_route=\/wp\/v2\/product"}],"about":[{"href":"https:\/\/modamentha.com.br\/index.php?rest_route=\/wp\/v2\/types\/product"}],"wp:featuredmedia":[{"embeddable":true,"href":"https:\/\/modamentha.com.br\/index.php?rest_route=\/wp\/v2\/media\/90608"}],"wp:attachment":[{"href":"https:\/\/modamentha.com.br\/index.php?rest_route=%2Fwp%2Fv2%2Fmedia&parent=90611"}],"curies":[{"name":"wp","href":"https:\/\/api.w.org\/{rel}","templated":true}]}}