{"id":90628,"date":"2026-04-01T19:59:41","date_gmt":"2026-04-01T22:59:41","guid":{"rendered":"https:\/\/modamentha.com.br\/?post_type=product&#038;p=90628"},"modified":"2026-04-10T16:25:54","modified_gmt":"2026-04-10T19:25:54","slug":"regata-alca-twill-vazado","status":"publish","type":"product","link":"https:\/\/modamentha.com.br\/?product=regata-alca-twill-vazado","title":{"rendered":"Regata Al\u00e7a Twill Vazado"},"content":{"rendered":"","protected":false},"excerpt":{"rendered":"<p>Al\u00e7a em alfaiataria mista texturizada. Possui cava com detalhe vazado, al\u00e7as com regulador, fechamento em z\u00edper de metal destac\u00e1vel nas costas e forro.<\/p>\n<p>Composi\u00e7\u00e3o:<br \/>\n92% VISCOSE 8% POLI\u00c9STER | FORRO 100% POLI\u00c9STER<\/p>\n<p>MEDIDAS:<br \/>\nBusto: P:90cm |M:94cm |G:98cm<br \/>\nCintura: P:74cm |M:78cm |G:82cm<br \/>\nComprimento Total: P:55cm |M:56cm |G:57cm <\/p>\n","protected":false},"featured_media":90600,"template":"","meta":{"spay_email":""},"supplier_id":null,"supplier_sku":"","atum_controlled":true,"out_stock_date":null,"out_stock_threshold":null,"inheritable":true,"inbound_stock":0,"stock_on_hold":0,"sold_today":null,"sales_last_days":null,"reserved_stock":0,"customer_returns":0,"warehouse_damage":0,"lost_in_post":0,"other_logs":0,"out_stock_days":null,"lost_sales":null,"has_location":false,"update_date":"2026-04-02T02:05:34","atum_locations":[],"atum_stock_status":"instock","low_stock":false,"_links":{"self":[{"href":"https:\/\/modamentha.com.br\/index.php?rest_route=\/wp\/v2\/product\/90628"}],"collection":[{"href":"https:\/\/modamentha.com.br\/index.php?rest_route=\/wp\/v2\/product"}],"about":[{"href":"https:\/\/modamentha.com.br\/index.php?rest_route=\/wp\/v2\/types\/product"}],"wp:featuredmedia":[{"embeddable":true,"href":"https:\/\/modamentha.com.br\/index.php?rest_route=\/wp\/v2\/media\/90600"}],"wp:attachment":[{"href":"https:\/\/modamentha.com.br\/index.php?rest_route=%2Fwp%2Fv2%2Fmedia&parent=90628"}],"curies":[{"name":"wp","href":"https:\/\/api.w.org\/{rel}","templated":true}]}}