{"id":90896,"date":"2026-04-06T17:11:17","date_gmt":"2026-04-06T20:11:17","guid":{"rendered":"https:\/\/modamentha.com.br\/?post_type=product&#038;p=90896"},"modified":"2026-04-09T17:37:52","modified_gmt":"2026-04-09T20:37:52","slug":"saia-gode-alfaiataria-xadrez-com-bolso","status":"publish","type":"product","link":"https:\/\/modamentha.com.br\/?product=saia-gode-alfaiataria-xadrez-com-bolso","title":{"rendered":"Saia God\u00ea Alfaiataria Xadrez Com Bolso"},"content":{"rendered":"","protected":false},"excerpt":{"rendered":"<p>A saia god\u00ea em alfaiataria \u00e9 a express\u00e3o m\u00e1xima da feminilidade aliada \u00e0 estrutura impec\u00e1vel. Com um padr\u00e3o xadrez cl\u00e1ssico, esta pe\u00e7a redefine o conceito de eleg\u00e2ncia atemporal, oferecendo um movimento fluido e volumoso que valoriza a silhueta de forma natural. O corte god\u00ea proporciona um caimento dram\u00e1tico e sofisticado, ideal para compor visuais que exigem presen\u00e7a e estilo, mantendo a sobriedade necess\u00e1ria para o ambiente profissional ou eventos sociais.<\/p>\n<p>Composi\u00e7\u00e3o:<br \/>\n81%POLIESTER<br \/>\n17%VISCOSE<br \/>\n02%ELASTANO<br \/>\nFORRO<br \/>\n100%POLIESTER<\/p>\n<p>Tabela de Medidas<br \/>\nP &#8211; Cintura 72cm | Quadril 110cm | Comprimento 86cm<br \/>\nM &#8211; Cintura 76cm | Quadril 114cm | Comprimento 87.5cm<br \/>\nG &#8211; Cintura 80cm | Quadril 118cm | Comprimento 89cm<\/p>\n","protected":false},"featured_media":90880,"template":"","meta":{"spay_email":""},"supplier_id":null,"supplier_sku":"","atum_controlled":true,"out_stock_date":null,"out_stock_threshold":null,"inheritable":true,"inbound_stock":0,"stock_on_hold":0,"sold_today":null,"sales_last_days":null,"reserved_stock":0,"customer_returns":0,"warehouse_damage":0,"lost_in_post":0,"other_logs":0,"out_stock_days":null,"lost_sales":null,"has_location":false,"update_date":"2026-04-07T00:24:41","atum_locations":[],"atum_stock_status":"instock","low_stock":false,"_links":{"self":[{"href":"https:\/\/modamentha.com.br\/index.php?rest_route=\/wp\/v2\/product\/90896"}],"collection":[{"href":"https:\/\/modamentha.com.br\/index.php?rest_route=\/wp\/v2\/product"}],"about":[{"href":"https:\/\/modamentha.com.br\/index.php?rest_route=\/wp\/v2\/types\/product"}],"wp:featuredmedia":[{"embeddable":true,"href":"https:\/\/modamentha.com.br\/index.php?rest_route=\/wp\/v2\/media\/90880"}],"wp:attachment":[{"href":"https:\/\/modamentha.com.br\/index.php?rest_route=%2Fwp%2Fv2%2Fmedia&parent=90896"}],"curies":[{"name":"wp","href":"https:\/\/api.w.org\/{rel}","templated":true}]}}