{"id":90910,"date":"2026-04-06T17:27:43","date_gmt":"2026-04-06T20:27:43","guid":{"rendered":"https:\/\/modamentha.com.br\/?post_type=product&#038;p=90910"},"modified":"2026-04-06T17:27:44","modified_gmt":"2026-04-06T20:27:44","slug":"saia-midi-com-no-e-fenda-frontal","status":"publish","type":"product","link":"https:\/\/modamentha.com.br\/?product=saia-midi-com-no-e-fenda-frontal","title":{"rendered":"Saia Midi Com N\u00f3 e Fenda Frontal"},"content":{"rendered":"","protected":false},"excerpt":{"rendered":"<p>Esta saia midi em P.U. (material sint\u00e9tico premium) \u00e9 a defini\u00e7\u00e3o de eleg\u00e2ncia moderna. O modelo destaca-se pelo sofisticado detalhe de n\u00f3 na cintura, que valoriza a silhueta, e pela fenda frontal estrat\u00e9gica que confere movimento e um toque de sensualidade refinada. Com acabamento impec\u00e1vel e textura que remete ao couro, \u00e9 uma pe\u00e7a vers\u00e1til para compor looks de inverno com botas ou produ\u00e7\u00f5es sociais com salto, garantindo um visual polido e atual.<\/p>\n<p>Composi\u00e7\u00e3o:<br \/>\n100% POLIESTER<br \/>\nREVESTIDO COM<br \/>\n100% POLIURETANO<br \/>\nFORRO<br \/>\n100% POLIESTER<\/p>\n<p>Tabela de Medidas<br \/>\nP &#8211; Cintura 70cm | Quadril 96cm | Comprimento 81cm<br \/>\nM &#8211; Cintura 74cm | Quadril 100cm | Comprimento 82cm<br \/>\nG &#8211; Cintura 78cm | Quadril 104cm | Comprimento 83cm<\/p>\n","protected":false},"featured_media":90915,"template":"","meta":{"spay_email":""},"supplier_id":null,"supplier_sku":"","atum_controlled":true,"out_stock_date":null,"out_stock_threshold":null,"inheritable":true,"inbound_stock":0,"stock_on_hold":0,"sold_today":null,"sales_last_days":null,"reserved_stock":0,"customer_returns":0,"warehouse_damage":0,"lost_in_post":0,"other_logs":0,"out_stock_days":null,"lost_sales":null,"has_location":false,"update_date":"2026-04-07T03:17:03","atum_locations":[],"atum_stock_status":"instock","low_stock":false,"_links":{"self":[{"href":"https:\/\/modamentha.com.br\/index.php?rest_route=\/wp\/v2\/product\/90910"}],"collection":[{"href":"https:\/\/modamentha.com.br\/index.php?rest_route=\/wp\/v2\/product"}],"about":[{"href":"https:\/\/modamentha.com.br\/index.php?rest_route=\/wp\/v2\/types\/product"}],"wp:featuredmedia":[{"embeddable":true,"href":"https:\/\/modamentha.com.br\/index.php?rest_route=\/wp\/v2\/media\/90915"}],"wp:attachment":[{"href":"https:\/\/modamentha.com.br\/index.php?rest_route=%2Fwp%2Fv2%2Fmedia&parent=90910"}],"curies":[{"name":"wp","href":"https:\/\/api.w.org\/{rel}","templated":true}]}}