{"id":90971,"date":"2026-04-06T21:16:10","date_gmt":"2026-04-07T00:16:10","guid":{"rendered":"https:\/\/modamentha.com.br\/?post_type=product&#038;p=90971"},"modified":"2026-04-09T10:53:57","modified_gmt":"2026-04-09T13:53:57","slug":"vestido-longo-poa-decote-canoa","status":"publish","type":"product","link":"https:\/\/modamentha.com.br\/?product=vestido-longo-poa-decote-canoa","title":{"rendered":"Vestido Longo Po\u00e1 Decote Canoa"},"content":{"rendered":"","protected":false},"excerpt":{"rendered":"<p>A cl\u00e1ssica estampa de po\u00e1 ganha uma releitura moderna neste vestido longo de silhueta alongada. Confeccionado em viscocrepe de alta qualidade, a pe\u00e7a apresenta um caimento fluido que acompanha o movimento do corpo sem marcar.<\/p>\n<p>O design conta com decote canoa discreto e modelagem sem mangas, ideal para quem busca uma est\u00e9tica &#8220;&#8221;clean&#8221;&#8221; e sofisticada. A cintura levemente marcada estrutura a pe\u00e7a, proporcionando um equil\u00edbrio perfeito entre o conforto do corte evas\u00ea e a eleg\u00e2ncia da alfaiataria leve.<\/p>\n<p>Composi\u00e7\u00e3o:<br \/>\n100%VISCOSE<br \/>\nFORRO<br \/>\n100%POLIESTER<\/p>\n<p>Medidas da Modelo:<br \/>\nTabela de Medidas<br \/>\nP &#8211; Busto 88cm | Cintura 74cm | Comprimento 135cm<br \/>\nM &#8211; Busto 92cm | Cintura 78cm | Comprimento 137cm<br \/>\nG &#8211; Busto 96cm | Cintura 82cm | Comprimento 139cm<\/p>\n","protected":false},"featured_media":90972,"template":"","meta":{"spay_email":""},"supplier_id":null,"supplier_sku":"","atum_controlled":true,"out_stock_date":null,"out_stock_threshold":null,"inheritable":true,"inbound_stock":0,"stock_on_hold":0,"sold_today":null,"sales_last_days":null,"reserved_stock":0,"customer_returns":0,"warehouse_damage":0,"lost_in_post":0,"other_logs":0,"out_stock_days":null,"lost_sales":null,"has_location":false,"update_date":"2026-04-07T03:16:53","atum_locations":[],"atum_stock_status":"instock","low_stock":false,"_links":{"self":[{"href":"https:\/\/modamentha.com.br\/index.php?rest_route=\/wp\/v2\/product\/90971"}],"collection":[{"href":"https:\/\/modamentha.com.br\/index.php?rest_route=\/wp\/v2\/product"}],"about":[{"href":"https:\/\/modamentha.com.br\/index.php?rest_route=\/wp\/v2\/types\/product"}],"wp:featuredmedia":[{"embeddable":true,"href":"https:\/\/modamentha.com.br\/index.php?rest_route=\/wp\/v2\/media\/90972"}],"wp:attachment":[{"href":"https:\/\/modamentha.com.br\/index.php?rest_route=%2Fwp%2Fv2%2Fmedia&parent=90971"}],"curies":[{"name":"wp","href":"https:\/\/api.w.org\/{rel}","templated":true}]}}