{"id":91085,"date":"2026-04-08T18:09:17","date_gmt":"2026-04-08T21:09:17","guid":{"rendered":"https:\/\/modamentha.com.br\/?post_type=product&#038;p=91085"},"modified":"2026-04-09T18:35:17","modified_gmt":"2026-04-09T21:35:17","slug":"blusa-basica-malha-algodao-egipcio","status":"publish","type":"product","link":"https:\/\/modamentha.com.br\/?product=blusa-basica-malha-algodao-egipcio","title":{"rendered":"Blusa B\u00e1sica Malha Algod\u00e3o Eg\u00edpcio"},"content":{"rendered":"","protected":false},"excerpt":{"rendered":"<p>Blusa b\u00e1sica, Malha Algod\u00e3o Eg\u00edpcio, decote redondo rebatido.<\/p>\n<p>Composi\u00e7\u00e3o:<br \/>\n93% Algod\u00e3o, 7% Elastano<\/p>\n","protected":false},"featured_media":91089,"template":"","meta":{"spay_email":""},"supplier_id":null,"supplier_sku":"","atum_controlled":true,"out_stock_date":null,"out_stock_threshold":null,"inheritable":true,"inbound_stock":0,"stock_on_hold":0,"sold_today":null,"sales_last_days":null,"reserved_stock":0,"customer_returns":0,"warehouse_damage":0,"lost_in_post":0,"other_logs":0,"out_stock_days":null,"lost_sales":null,"has_location":false,"update_date":"2026-04-09T00:24:19","atum_locations":[],"atum_stock_status":"instock","low_stock":false,"_links":{"self":[{"href":"https:\/\/modamentha.com.br\/index.php?rest_route=\/wp\/v2\/product\/91085"}],"collection":[{"href":"https:\/\/modamentha.com.br\/index.php?rest_route=\/wp\/v2\/product"}],"about":[{"href":"https:\/\/modamentha.com.br\/index.php?rest_route=\/wp\/v2\/types\/product"}],"wp:featuredmedia":[{"embeddable":true,"href":"https:\/\/modamentha.com.br\/index.php?rest_route=\/wp\/v2\/media\/91089"}],"wp:attachment":[{"href":"https:\/\/modamentha.com.br\/index.php?rest_route=%2Fwp%2Fv2%2Fmedia&parent=91085"}],"curies":[{"name":"wp","href":"https:\/\/api.w.org\/{rel}","templated":true}]}}