{"id":91183,"date":"2026-04-09T15:32:32","date_gmt":"2026-04-09T18:32:32","guid":{"rendered":"https:\/\/modamentha.com.br\/?post_type=product&#038;p=91183"},"modified":"2026-04-09T16:58:53","modified_gmt":"2026-04-09T19:58:53","slug":"blusa-thalita","status":"publish","type":"product","link":"https:\/\/modamentha.com.br\/?product=blusa-thalita","title":{"rendered":"Blusa Thalita"},"content":{"rendered":"","protected":false},"excerpt":{"rendered":"<p>Modelagem ajustada com leve estrutura<br \/>\nDecote reto<br \/>\nComprimento na altura da cintura com leve peplum<br \/>\nFechamento posterior por z\u00edper<br \/>\nTecido de alfaiataria com padronagem em listras e elastano<br \/>\nCinto com fivela que marca a cintura e valoriza a silhueta<\/p>\n<p>Composi\u00e7\u00e3o:<br \/>\n98% Poli\u00e9ster, 1% Poli\u00e9ster. Forro: 90% Poli\u00e9ster, 10% Elastano.<\/p>\n","protected":false},"featured_media":91165,"template":"","meta":{"spay_email":""},"supplier_id":null,"supplier_sku":"","atum_controlled":true,"out_stock_date":null,"out_stock_threshold":null,"inheritable":true,"inbound_stock":0,"stock_on_hold":0,"sold_today":null,"sales_last_days":null,"reserved_stock":0,"customer_returns":0,"warehouse_damage":0,"lost_in_post":0,"other_logs":0,"out_stock_days":null,"lost_sales":null,"has_location":false,"update_date":"2026-04-09T21:50:30","atum_locations":[],"atum_stock_status":"instock","low_stock":false,"_links":{"self":[{"href":"https:\/\/modamentha.com.br\/index.php?rest_route=\/wp\/v2\/product\/91183"}],"collection":[{"href":"https:\/\/modamentha.com.br\/index.php?rest_route=\/wp\/v2\/product"}],"about":[{"href":"https:\/\/modamentha.com.br\/index.php?rest_route=\/wp\/v2\/types\/product"}],"wp:featuredmedia":[{"embeddable":true,"href":"https:\/\/modamentha.com.br\/index.php?rest_route=\/wp\/v2\/media\/91165"}],"wp:attachment":[{"href":"https:\/\/modamentha.com.br\/index.php?rest_route=%2Fwp%2Fv2%2Fmedia&parent=91183"}],"curies":[{"name":"wp","href":"https:\/\/api.w.org\/{rel}","templated":true}]}}