{"id":91269,"date":"2026-04-09T16:13:52","date_gmt":"2026-04-09T19:13:52","guid":{"rendered":"https:\/\/modamentha.com.br\/?post_type=product&#038;p=91269"},"modified":"2026-04-09T17:00:54","modified_gmt":"2026-04-09T20:00:54","slug":"casaqueto-daniela","status":"publish","type":"product","link":"https:\/\/modamentha.com.br\/?product=casaqueto-daniela","title":{"rendered":"Casaqueto Daniela"},"content":{"rendered":"","protected":false},"excerpt":{"rendered":"<p>Modelagem estruturada com caimento alinhado<br \/>\nDecote arredondado sem gola<br \/>\nMangas longas<br \/>\nConstru\u00e7\u00e3o com encaixe pr\u00f3ximo ao corpo<br \/>\nComprimento encurtado<br \/>\nFechamento frontal por z\u00edper<br \/>\nMalha tweed com textura<br \/>\nBolsos frontais aplicados e proposta de sobreposi\u00e7\u00e3o<\/p>\n<p>Composi\u00e7\u00e3o:<br \/>\n100% Poli\u00e9ster<\/p>\n","protected":false},"featured_media":91256,"template":"","meta":{"spay_email":""},"supplier_id":null,"supplier_sku":"","atum_controlled":true,"out_stock_date":null,"out_stock_threshold":null,"inheritable":true,"inbound_stock":0,"stock_on_hold":0,"sold_today":null,"sales_last_days":null,"reserved_stock":0,"customer_returns":0,"warehouse_damage":0,"lost_in_post":0,"other_logs":0,"out_stock_days":null,"lost_sales":null,"has_location":false,"update_date":"2026-04-09T22:57:21","atum_locations":[],"atum_stock_status":"instock","low_stock":false,"_links":{"self":[{"href":"https:\/\/modamentha.com.br\/index.php?rest_route=\/wp\/v2\/product\/91269"}],"collection":[{"href":"https:\/\/modamentha.com.br\/index.php?rest_route=\/wp\/v2\/product"}],"about":[{"href":"https:\/\/modamentha.com.br\/index.php?rest_route=\/wp\/v2\/types\/product"}],"wp:featuredmedia":[{"embeddable":true,"href":"https:\/\/modamentha.com.br\/index.php?rest_route=\/wp\/v2\/media\/91256"}],"wp:attachment":[{"href":"https:\/\/modamentha.com.br\/index.php?rest_route=%2Fwp%2Fv2%2Fmedia&parent=91269"}],"curies":[{"name":"wp","href":"https:\/\/api.w.org\/{rel}","templated":true}]}}