{"id":91700,"date":"2026-04-22T16:05:40","date_gmt":"2026-04-22T19:05:40","guid":{"rendered":"https:\/\/modamentha.com.br\/?post_type=product&#038;p=91700"},"modified":"2026-05-07T17:28:22","modified_gmt":"2026-05-07T20:28:22","slug":"camisa-laco-floral","status":"publish","type":"product","link":"https:\/\/modamentha.com.br\/?product=camisa-laco-floral","title":{"rendered":"Camisa La\u00e7o Floral"},"content":{"rendered":"","protected":false},"excerpt":{"rendered":"<p>Camisa em yoryu estampado floral exclusiva. Len\u00e7o duplo na gola para amarra\u00e7\u00e3o, fechamento em bot\u00e3o forrado com vista interna e el\u00e1stico no punho. Acompanha combinete.<\/p>\n<p>Composi\u00e7\u00e3o:<br \/>\n100% POLI\u00c9STER | FORRO 100% POLI\u00c9STER<\/p>\n<p>MEDIDAS:<br \/>\nBusto: P:98cm |M:102cm |G:104cm<br \/>\nComprimento Manga: P:62cm |M:62,5cm |G:63cm<br \/>\nComprimento Total: P:60cm |M:61cm |G:62cm <\/p>\n","protected":false},"featured_media":91684,"template":"","meta":{"spay_email":""},"supplier_id":null,"supplier_sku":"","atum_controlled":true,"out_stock_date":null,"out_stock_threshold":null,"inheritable":true,"inbound_stock":0,"stock_on_hold":0,"sold_today":null,"sales_last_days":null,"reserved_stock":0,"customer_returns":0,"warehouse_damage":0,"lost_in_post":0,"other_logs":0,"out_stock_days":null,"lost_sales":null,"has_location":false,"update_date":"2026-04-22T22:35:22","atum_locations":[],"atum_stock_status":"instock","low_stock":false,"_links":{"self":[{"href":"https:\/\/modamentha.com.br\/index.php?rest_route=\/wp\/v2\/product\/91700"}],"collection":[{"href":"https:\/\/modamentha.com.br\/index.php?rest_route=\/wp\/v2\/product"}],"about":[{"href":"https:\/\/modamentha.com.br\/index.php?rest_route=\/wp\/v2\/types\/product"}],"wp:featuredmedia":[{"embeddable":true,"href":"https:\/\/modamentha.com.br\/index.php?rest_route=\/wp\/v2\/media\/91684"}],"wp:attachment":[{"href":"https:\/\/modamentha.com.br\/index.php?rest_route=%2Fwp%2Fv2%2Fmedia&parent=91700"}],"curies":[{"name":"wp","href":"https:\/\/api.w.org\/{rel}","templated":true}]}}