{"id":91707,"date":"2026-04-22T16:17:32","date_gmt":"2026-04-22T19:17:32","guid":{"rendered":"https:\/\/modamentha.com.br\/?post_type=product&#038;p=91707"},"modified":"2026-05-11T14:09:08","modified_gmt":"2026-05-11T17:09:08","slug":"calca-alfaiataria-pregas-elastico","status":"publish","type":"product","link":"https:\/\/modamentha.com.br\/?product=calca-alfaiataria-pregas-elastico","title":{"rendered":"Cal\u00e7a Alfaiataria Pregas El\u00e1stico"},"content":{"rendered":"","protected":false},"excerpt":{"rendered":"<p>Cal\u00e7a cenoura alfaiataria mista de viscose com elastano. Possui c\u00f3s com fechamento em colchete e bot\u00e3o, passantes, pregas, bolso faca, z\u00edper de nylon, el\u00e1stico nas costas e forro shorts.<\/p>\n<p>Composi\u00e7\u00e3o:<br \/>\n62% POLI\u00c9STER 33% VISCOSE 5% ELASTANO | FORRO 100% POLI\u00c9STER<\/p>\n<p>MEDIDAS:<br \/>\nCintura: P:71cm |M:75cm |G:79cm<br \/>\nQuadril: P:103cm |M:107cm |G:111cm<br \/>\nComprimento Total: P:102cm |M:103cm |G:104cm <\/p>\n","protected":false},"featured_media":91672,"template":"","meta":{"spay_email":""},"supplier_id":null,"supplier_sku":"","atum_controlled":true,"out_stock_date":null,"out_stock_threshold":null,"inheritable":true,"inbound_stock":0,"stock_on_hold":0,"sold_today":null,"sales_last_days":null,"reserved_stock":0,"customer_returns":0,"warehouse_damage":0,"lost_in_post":0,"other_logs":0,"out_stock_days":null,"lost_sales":null,"has_location":false,"update_date":"2026-04-22T22:34:57","atum_locations":[],"atum_stock_status":"instock","low_stock":false,"_links":{"self":[{"href":"https:\/\/modamentha.com.br\/index.php?rest_route=\/wp\/v2\/product\/91707"}],"collection":[{"href":"https:\/\/modamentha.com.br\/index.php?rest_route=\/wp\/v2\/product"}],"about":[{"href":"https:\/\/modamentha.com.br\/index.php?rest_route=\/wp\/v2\/types\/product"}],"wp:featuredmedia":[{"embeddable":true,"href":"https:\/\/modamentha.com.br\/index.php?rest_route=\/wp\/v2\/media\/91672"}],"wp:attachment":[{"href":"https:\/\/modamentha.com.br\/index.php?rest_route=%2Fwp%2Fv2%2Fmedia&parent=91707"}],"curies":[{"name":"wp","href":"https:\/\/api.w.org\/{rel}","templated":true}]}}